{"id":151,"date":"2021-01-14T17:46:32","date_gmt":"2021-01-14T17:46:32","guid":{"rendered":"https:\/\/utrivieramayademo1.ozelot.it\/?page_id=151"},"modified":"2024-06-20T19:22:52","modified_gmt":"2024-06-20T19:22:52","slug":"articulo-93","status":"publish","type":"page","link":"https:\/\/oldsite.utrivieramaya.edu.mx\/index.php\/articulo-93\/","title":{"rendered":"Art\u00edculo 93"},"content":{"rendered":"\t\t<div data-elementor-type=\"wp-page\" data-elementor-id=\"151\" class=\"elementor elementor-151\" data-elementor-post-type=\"page\">\n\t\t\t\t\t\t<section class=\"elementor-section elementor-top-section elementor-element elementor-element-8bd9fa2 elementor-section-full_width elementor-section-content-top elementor-section-height-default elementor-section-height-default\" data-id=\"8bd9fa2\" data-element_type=\"section\" data-settings=\"{&quot;background_background&quot;:&quot;classic&quot;}\">\n\t\t\t\t\t\t\t<div class=\"elementor-background-overlay\"><\/div>\n\t\t\t\t\t\t\t<div class=\"elementor-container elementor-column-gap-default\">\n\t\t\t\t\t<div class=\"elementor-column elementor-col-100 elementor-top-column elementor-element elementor-element-1d36ab9b\" data-id=\"1d36ab9b\" data-element_type=\"column\">\n\t\t\t<div class=\"elementor-widget-wrap elementor-element-populated\">\n\t\t\t\t\t\t<div class=\"elementor-element elementor-element-58908c87 elementor-widget elementor-widget-ekit-nav-menu\" data-id=\"58908c87\" data-element_type=\"widget\" data-widget_type=\"ekit-nav-menu.default\">\n\t\t\t\t<div class=\"elementor-widget-container\">\n\t\t\t<div class=\"ekit-wid-con ekit_menu_responsive_tablet\" data-hamburger-icon=\"\" data-hamburger-icon-type=\"icon\" data-responsive-breakpoint=\"1024\"><\/div>\t\t<\/div>\n\t\t\t\t<\/div>\n\t\t\t\t\t<\/div>\n\t\t<\/div>\n\t\t\t\t\t<\/div>\n\t\t<\/section>\n\t\t\t\t<section class=\"elementor-section elementor-top-section elementor-element elementor-element-12798fe1 elementor-section-content-middle elementor-section-boxed elementor-section-height-default elementor-section-height-default\" data-id=\"12798fe1\" data-element_type=\"section\" data-settings=\"{&quot;background_background&quot;:&quot;classic&quot;}\">\n\t\t\t\t\t\t<div class=\"elementor-container elementor-column-gap-default\">\n\t\t\t\t\t<div class=\"elementor-column elementor-col-100 elementor-top-column elementor-element elementor-element-68d4758b\" data-id=\"68d4758b\" data-element_type=\"column\">\n\t\t\t<div class=\"elementor-widget-wrap elementor-element-populated\">\n\t\t\t\t\t\t<div class=\"elementor-element elementor-element-68614433 elementor-widget elementor-widget-text-editor\" data-id=\"68614433\" data-element_type=\"widget\" data-widget_type=\"text-editor.default\">\n\t\t\t\t<div class=\"elementor-widget-container\">\n\t\t\t\t\t\t\t<p><span style=\"color: #000000;\">Art\u00edculo 93. Adem\u00e1s de lo se\u00f1alado en el art\u00edculo 91 de la presente Ley, el Poder Ejecutivo y los municipios, todos del Estado de Quintana Roo, deber\u00e1n poner a disposici\u00f3n del p\u00fablico y actualizar la siguiente informaci\u00f3n:<\/span><\/p><h5><span style=\"color: #000000;\">I. En el caso del Poder Ejecutivo Estatal y municipios:<\/span><\/h5><p style=\"padding-left: 40px;\"><span style=\"color: #000000;\">a) El plan estatal de desarrollo y el plan municipal de desarrollo, seg\u00fan corresponda, incluyendo los estudios, investigaciones y evaluaciones que los respaldan, as\u00ed como los mecanismos de deliberaci\u00f3n p\u00fablica, participaci\u00f3n y consulta ciudadana utilizados, en su caso, en la preparaci\u00f3n de los mismos, de conformidad con la ley aplicable. <span style=\"color: #ff0000;\">(No Aplica)<\/span> (<a style=\"color: #000000;\" href=\"http:\/\/transparencia.utrivieramaya.edu.mx\/wp-content\/uploads\/2019\/06\/Art%C3%ADculo-93-fracci%C3%B3n-I-inciso-a.pdf\" target=\"_blank\" rel=\"noopener\">Ver Documento<\/a>)<\/span><\/p><p style=\"padding-left: 40px;\"><span style=\"color: #000000;\">b) El presupuesto de egresos y las f\u00f3rmulas de distribuci\u00f3n de los recursos otorgados.<\/span><\/p><p style=\"padding-left: 40px;\"><span style=\"color: #000000;\">c) El listado de expropiaciones decretadas y ejecutadas que incluya, cuando menos, la fecha de expropiaci\u00f3n, el domicilio y la causa de utilidad p\u00fablica y las ocupaciones superficiales. <span style=\"color: #ff0000;\">(No Aplica)<\/span> <a style=\"color: #000000;\" href=\"http:\/\/transparencia.utrivieramaya.edu.mx\/wp-content\/uploads\/2019\/06\/Art%C3%ADculo-93-fracci%C3%B3n-I-inciso-c.pdf\" target=\"_blank\" rel=\"noopener\">(Ver Documento)<\/a><\/span><\/p><p style=\"padding-left: 40px;\"><span style=\"color: #000000;\">d) El nombre, denominaci\u00f3n o raz\u00f3n social y clave del registro federal de los contribuyentes a los que se les hubiera cancelado o condonado alg\u00fan cr\u00e9dito fiscal, as\u00ed como los montos respectivos. Asimismo, la informaci\u00f3n estad\u00edstica sobre las exenciones previstas en las disposiciones fiscales.<\/span><\/p><p style=\"padding-left: 40px;\"><span style=\"color: #000000;\">e) Los nombres de las personas a quienes se les habilit\u00f3 para ejercer como notarios p\u00fablicos, as\u00ed como sus datos de contacto, la informaci\u00f3n relacionada con el proceso de otorgamiento de la patente y las sanciones que se les hubieran aplicado. <span style=\"color: #ff0000;\">(No Aplica)<\/span> <a style=\"color: #000000;\" href=\"http:\/\/transparencia.utrivieramaya.edu.mx\/wp-content\/uploads\/2019\/06\/Art%C3%ADculo-93-fracci%C3%B3n-I-inciso-e.pdf\" target=\"_blank\" rel=\"noopener\">(Ver Documento)<\/a><\/span><\/p><p style=\"padding-left: 40px;\"><span style=\"color: #000000;\">f) La informaci\u00f3n detallada que contengan los planes de desarrollo urbano, ordenamiento territorial y ecol\u00f3gico, los tipos y usos de suelo, licencias de uso y construcci\u00f3n otorgadas por los gobiernos municipales. <span style=\"color: #ff0000;\">(No Aplica)<\/span> <a style=\"color: #000000;\" href=\"http:\/\/transparencia.utrivieramaya.edu.mx\/wp-content\/uploads\/2019\/06\/Art%C3%ADculo-93-fracci%C3%B3n-I-inciso-f.pdf\" target=\"_blank\" rel=\"noopener\">(Ver Documento)<\/a><\/span><\/p><p style=\"padding-left: 40px;\"><span style=\"color: #000000;\">g) Las disposiciones administrativas, directamente o a trav\u00e9s de la autoridad competente, con el plazo de anticipaci\u00f3n que prevean las disposiciones aplicables al sujeto obligado de que se trate, salvo que su difusi\u00f3n pueda comprometer los efectos que se pretenden lograr con la disposici\u00f3n o se trate de situaciones de emergencia, de conformidad con dichas disposiciones. <a style=\"color: #000000;\" href=\"http:\/\/transparencia.utrivieramaya.edu.mx\/wp-content\/uploads\/2019\/06\/Art%C3%ADculo-93-fracci%C3%B3n-I-inciso-g.pdf\" target=\"_blank\" rel=\"noopener\">(Ver Documento)<\/a><\/span><\/p><p style=\"padding-left: 40px;\"><span style=\"color: #000000;\">h) Las cuotas y tarifas aplicables a impuestos, derechos, contribuciones de mejoras, incluyendo las tablas de valores unitarios de suelo y construcciones, que sirvan de base para el cobro de las contribuciones sobre la propiedad inmobiliaria. <span style=\"color: #ff0000;\">(No Aplica)<\/span> <a style=\"color: #000000;\" href=\"http:\/\/transparencia.utrivieramaya.edu.mx\/wp-content\/uploads\/2019\/06\/Art%C3%ADculo-93-fracci%C3%B3n-I-inciso-h.pdf\" target=\"_blank\" rel=\"noopener\">(Ver Documento)<\/a><\/span><\/p><p style=\"padding-left: 40px;\"><span style=\"color: #000000;\">i) El calendario con las actividades culturales, deportivas y recreativas a realizar. <a style=\"color: #000000;\" href=\"https:\/\/utrivieramaya.edu.mx\/index.php\/cultura-y-deportes\/\" target=\"_blank\" rel=\"noopener\">(Ver Documento)<\/a><\/span><\/p><p style=\"padding-left: 40px;\"><span style=\"color: #000000;\">j) Estad\u00edsticas de desempe\u00f1o de los cuerpos policiales y programas de prevenci\u00f3n del delito. <span style=\"color: #ff0000;\">(No Aplica)<\/span> <a style=\"color: #000000;\" href=\"http:\/\/transparencia.utrivieramaya.edu.mx\/wp-content\/uploads\/2019\/06\/Art%C3%ADculo-93-fracci%C3%B3n-I-inciso-j.pdf\" target=\"_blank\" rel=\"noopener\">(Ver Documento)<\/a><\/span><\/p><p style=\"padding-left: 40px;\"><span style=\"color: #000000;\">k) La informaci\u00f3n detallada que contengan los programas de medio ambiente estatal y municipal, as\u00ed como otros documentos relativos a la protecci\u00f3n, preservaci\u00f3n, aprovechamiento y restauraci\u00f3n de los sistemas naturales de la entidad. <span style=\"color: #ff0000;\">(No Aplica)<\/span> <a style=\"color: #000000;\" href=\"http:\/\/transparencia.utrivieramaya.edu.mx\/wp-content\/uploads\/2019\/06\/Art%C3%ADculo-93-fracci%C3%B3n-I-inciso-k.pdf\" target=\"_blank\" rel=\"noopener\">(Ver Documento)<\/a><\/span><\/p><p style=\"padding-left: 40px;\"><span style=\"color: #000000;\">l) Inventarios de especies vegetales y animales nativos. <span style=\"color: #ff0000;\">(No Aplica)<\/span> <a style=\"color: #000000;\" href=\"http:\/\/transparencia.utrivieramaya.edu.mx\/wp-content\/uploads\/2019\/06\/Art%C3%ADculo-93-fracci%C3%B3n-I-inciso-l.pdf\" target=\"_blank\" rel=\"noopener\">(Ver Documento)<\/a><\/span><\/p><p style=\"padding-left: 40px;\"><span style=\"color: #000000;\">m) Administraci\u00f3n y supervisi\u00f3n de las Zonas de Desarrollo Tur\u00edstico Sustentable en los Municipios del Estado, que sean objeto de convenio o acuerdo con la federaci\u00f3n. <span style=\"color: #ff0000;\">(No Aplica)<\/span> <a style=\"color: #000000;\" href=\"http:\/\/transparencia.utrivieramaya.edu.mx\/wp-content\/uploads\/2019\/06\/Art%C3%ADculo-93-fracci%C3%B3n-I-inciso-m.pdf\" target=\"_blank\" rel=\"noopener\">(Ver Documento)<\/a><\/span><\/p><p style=\"padding-left: 40px;\"><span style=\"color: #000000;\">n) Clasificaci\u00f3n de establecimientos hoteleros y de hospedaje seg\u00fan la regulaci\u00f3n vigente, cuando exista convenio con el Estado. <span style=\"color: #ff0000;\">(No Aplica)<\/span> <a style=\"color: #000000;\" href=\"http:\/\/transparencia.utrivieramaya.edu.mx\/wp-content\/uploads\/2019\/06\/Art%C3%ADculo-93-fracci%C3%B3n-I-inciso-n.pdf\" target=\"_blank\" rel=\"noopener\">(Ver Documento)<\/a><\/span><\/p><p style=\"padding-left: 40px;\"><span style=\"color: #000000;\">o) Mecanismos de turismo accesible que garanticen las oportunidades de uso y disfrute de instalaciones y espacios tur\u00edsticos a personas con discapacidad. <span style=\"color: #ff0000;\">(No Aplica)<\/span> <a style=\"color: #000000;\" href=\"http:\/\/transparencia.utrivieramaya.edu.mx\/wp-content\/uploads\/2019\/06\/Art%C3%ADculo-93-fracci%C3%B3n-I-inciso-o.pdf\" target=\"_blank\" rel=\"noopener\">(Ver Documento)<\/a><\/span><\/p><p style=\"padding-left: 40px;\"><span style=\"color: #000000;\">p) Programas de prevenci\u00f3n y atenci\u00f3n de emergencias y desastres, de la gesti\u00f3n integral de riesgos conforme a los lineamientos de pol\u00edticas de protecci\u00f3n civil, as\u00ed como el atlas estatal de riesgos. <a style=\"color: #000000;\" href=\"https:\/\/utrivieramaya.edu.mx\/index.php\/proteccion-civil-utrm-2\/\" target=\"_blank\" rel=\"noopener\">(Ver Documento)<\/a><\/span><\/p><h5><span style=\"color: #000000;\">II. Adicionalmente, en el caso de los municipios:<\/span><\/h5><p style=\"padding-left: 40px;\"><span style=\"color: #000000;\">a) El contenido de las gacetas municipales, las cuales deber\u00e1n comprender los resolutivos y acuerdos aprobados por los Ayuntamientos. <span style=\"color: #ff0000;\">(No Aplica)<\/span> <a style=\"color: #000000;\" href=\"http:\/\/transparencia.utrivieramaya.edu.mx\/wp-content\/uploads\/2019\/06\/Art%C3%ADculo-93-fracci%C3%B3n-II-inciso-a.pdf\" target=\"_blank\" rel=\"noopener\">(Ver Documento)<\/a><\/span><\/p><p style=\"padding-left: 40px;\"><span style=\"color: #000000;\">b) Las actas de sesiones de cabildo, los controles de asistencia as\u00ed como los justificantes por inasistencias, de los integrantes del Ayuntamiento a las sesiones de cabildo y el sentido de votaci\u00f3n de los miembros del cabildo sobre las iniciativas o acuerdos. <span style=\"color: #ff0000;\">(No Aplica)<\/span> <a style=\"color: #000000;\" href=\"http:\/\/transparencia.utrivieramaya.edu.mx\/wp-content\/uploads\/2019\/06\/Art%C3%ADculo-93-fracci%C3%B3n-II-inciso-b.pdf\" target=\"_blank\" rel=\"noopener\">(Ver Documento)<\/a><\/span><\/p>\t\t\t\t\t\t<\/div>\n\t\t\t\t<\/div>\n\t\t\t\t\t<\/div>\n\t\t<\/div>\n\t\t\t\t\t<\/div>\n\t\t<\/section>\n\t\t\t\t<\/div>\n\t\t","protected":false},"excerpt":{"rendered":"<p>Art\u00edculo 93. Adem\u00e1s de lo se\u00f1alado en el art\u00edculo 91 de la presente Ley, el Poder Ejecutivo y los municipios, todos del Estado de Quintana Roo, deber\u00e1n poner a disposici\u00f3n del p\u00fablico y actualizar la siguiente informaci\u00f3n: I. En el caso del Poder Ejecutivo Estatal y municipios: a) El plan estatal de desarrollo y el &hellip; <\/p>\n<p class=\"link-more\"><a href=\"https:\/\/oldsite.utrivieramaya.edu.mx\/index.php\/articulo-93\/\" class=\"more-link\">Seguir leyendo<span class=\"screen-reader-text\"> \u00abArt\u00edculo 93\u00bb<\/span><\/a><\/p>\n","protected":false},"author":8,"featured_media":0,"parent":0,"menu_order":0,"comment_status":"closed","ping_status":"closed","template":"elementor_header_footer","meta":{"_eb_attr":"","footnotes":""},"campus":[],"class_list":["post-151","page","type-page","status-publish","hentry","entry"],"_links":{"self":[{"href":"https:\/\/oldsite.utrivieramaya.edu.mx\/index.php\/wp-json\/wp\/v2\/pages\/151","targetHints":{"allow":["GET"]}}],"collection":[{"href":"https:\/\/oldsite.utrivieramaya.edu.mx\/index.php\/wp-json\/wp\/v2\/pages"}],"about":[{"href":"https:\/\/oldsite.utrivieramaya.edu.mx\/index.php\/wp-json\/wp\/v2\/types\/page"}],"author":[{"embeddable":true,"href":"https:\/\/oldsite.utrivieramaya.edu.mx\/index.php\/wp-json\/wp\/v2\/users\/8"}],"replies":[{"embeddable":true,"href":"https:\/\/oldsite.utrivieramaya.edu.mx\/index.php\/wp-json\/wp\/v2\/comments?post=151"}],"version-history":[{"count":36,"href":"https:\/\/oldsite.utrivieramaya.edu.mx\/index.php\/wp-json\/wp\/v2\/pages\/151\/revisions"}],"predecessor-version":[{"id":21002,"href":"https:\/\/oldsite.utrivieramaya.edu.mx\/index.php\/wp-json\/wp\/v2\/pages\/151\/revisions\/21002"}],"wp:attachment":[{"href":"https:\/\/oldsite.utrivieramaya.edu.mx\/index.php\/wp-json\/wp\/v2\/media?parent=151"}],"wp:term":[{"taxonomy":"campus","embeddable":true,"href":"https:\/\/oldsite.utrivieramaya.edu.mx\/index.php\/wp-json\/wp\/v2\/campus?post=151"}],"curies":[{"name":"wp","href":"https:\/\/api.w.org\/{rel}","templated":true}]}}