{"id":16487,"date":"2022-08-30T21:35:53","date_gmt":"2022-08-30T21:35:53","guid":{"rendered":"https:\/\/utrivieramaya.edu.mx\/?page_id=16487"},"modified":"2023-04-01T21:38:51","modified_gmt":"2023-04-01T21:38:51","slug":"proceso-de-reinscripcion-al-cuatrimestre-modalidad-bis-y-tradicional","status":"publish","type":"page","link":"https:\/\/oldsite.utrivieramaya.edu.mx\/index.php\/proceso-de-reinscripcion-al-cuatrimestre-modalidad-bis-y-tradicional\/","title":{"rendered":"Reinscripci\u00f3n al Cuatrimestre"},"content":{"rendered":"\t\t<div data-elementor-type=\"wp-page\" data-elementor-id=\"16487\" class=\"elementor elementor-16487\" data-elementor-post-type=\"page\">\n\t\t\t\t\t\t<section class=\"elementor-section elementor-top-section elementor-element elementor-element-ddb0128 elementor-hidden-desktop elementor-hidden-tablet elementor-hidden-mobile elementor-section-boxed elementor-section-height-default elementor-section-height-default\" data-id=\"ddb0128\" data-element_type=\"section\">\n\t\t\t\t\t\t<div class=\"elementor-container elementor-column-gap-default\">\n\t\t\t\t\t<div class=\"elementor-column elementor-col-33 elementor-top-column elementor-element elementor-element-49ad2be\" data-id=\"49ad2be\" data-element_type=\"column\">\n\t\t\t<div class=\"elementor-widget-wrap elementor-element-populated\">\n\t\t\t\t\t\t<div class=\"elementor-element elementor-element-7d731c4 elementor-widget elementor-widget-button\" data-id=\"7d731c4\" data-element_type=\"widget\" data-widget_type=\"button.default\">\n\t\t\t\t<div class=\"elementor-widget-container\">\n\t\t\t\t\t<div class=\"elementor-button-wrapper\">\n\t\t\t<a class=\"elementor-button elementor-button-link elementor-size-sm\" href=\"#elementor-action%3Aaction%3Dpopup%3Aopen%26settings%3DeyJpZCI6IjEzNTc5IiwidG9nZ2xlIjpmYWxzZX0%3D\">\n\t\t\t\t\t\t<span class=\"elementor-button-content-wrapper\">\n\t\t\t\t\t\t\t\t\t<span class=\"elementor-button-text\">Haz clic aqu\u00ed<\/span>\n\t\t\t\t\t<\/span>\n\t\t\t\t\t<\/a>\n\t\t<\/div>\n\t\t\t\t<\/div>\n\t\t\t\t<\/div>\n\t\t\t\t\t<\/div>\n\t\t<\/div>\n\t\t\t\t<div class=\"elementor-column elementor-col-33 elementor-top-column elementor-element elementor-element-c27138a\" data-id=\"c27138a\" data-element_type=\"column\">\n\t\t\t<div class=\"elementor-widget-wrap elementor-element-populated\">\n\t\t\t\t\t\t<div class=\"elementor-element elementor-element-340b537 elementor-widget elementor-widget-button\" data-id=\"340b537\" data-element_type=\"widget\" data-widget_type=\"button.default\">\n\t\t\t\t<div class=\"elementor-widget-container\">\n\t\t\t\t\t<div class=\"elementor-button-wrapper\">\n\t\t\t<a class=\"elementor-button elementor-button-link elementor-size-sm\" href=\"#elementor-action%3Aaction%3Dpopup%3Aopen%26settings%3DeyJpZCI6IjEzNTgyIiwidG9nZ2xlIjpmYWxzZX0%3D\">\n\t\t\t\t\t\t<span class=\"elementor-button-content-wrapper\">\n\t\t\t\t\t\t\t\t\t<span class=\"elementor-button-text\">Haz clic aqu\u00ed<\/span>\n\t\t\t\t\t<\/span>\n\t\t\t\t\t<\/a>\n\t\t<\/div>\n\t\t\t\t<\/div>\n\t\t\t\t<\/div>\n\t\t\t\t\t<\/div>\n\t\t<\/div>\n\t\t\t\t<div class=\"elementor-column elementor-col-33 elementor-top-column elementor-element elementor-element-7ed7d7e\" data-id=\"7ed7d7e\" data-element_type=\"column\">\n\t\t\t<div class=\"elementor-widget-wrap elementor-element-populated\">\n\t\t\t\t\t\t<div class=\"elementor-element elementor-element-2ac5701 elementor-widget elementor-widget-button\" data-id=\"2ac5701\" data-element_type=\"widget\" data-widget_type=\"button.default\">\n\t\t\t\t<div class=\"elementor-widget-container\">\n\t\t\t\t\t<div class=\"elementor-button-wrapper\">\n\t\t\t<a class=\"elementor-button elementor-button-link elementor-size-sm\" href=\"#elementor-action%3Aaction%3Dpopup%3Aopen%26settings%3DeyJpZCI6IjEzNTc2IiwidG9nZ2xlIjpmYWxzZX0%3D\">\n\t\t\t\t\t\t<span class=\"elementor-button-content-wrapper\">\n\t\t\t\t\t\t\t\t\t<span class=\"elementor-button-text\">Haz clic aqu\u00ed<\/span>\n\t\t\t\t\t<\/span>\n\t\t\t\t\t<\/a>\n\t\t<\/div>\n\t\t\t\t<\/div>\n\t\t\t\t<\/div>\n\t\t\t\t\t<\/div>\n\t\t<\/div>\n\t\t\t\t\t<\/div>\n\t\t<\/section>\n\t\t\t\t<section class=\"elementor-section elementor-top-section elementor-element elementor-element-8295dcf elementor-section-content-middle elementor-section-boxed elementor-section-height-default elementor-section-height-default\" data-id=\"8295dcf\" data-element_type=\"section\">\n\t\t\t\t\t\t<div class=\"elementor-container elementor-column-gap-default\">\n\t\t\t\t\t<div class=\"elementor-column elementor-col-100 elementor-top-column elementor-element elementor-element-9f5626b\" data-id=\"9f5626b\" data-element_type=\"column\">\n\t\t\t<div class=\"elementor-widget-wrap elementor-element-populated\">\n\t\t\t\t\t\t<div class=\"elementor-element elementor-element-d5a2459 elementor-widget elementor-widget-heading\" data-id=\"d5a2459\" data-element_type=\"widget\" data-widget_type=\"heading.default\">\n\t\t\t\t<div class=\"elementor-widget-container\">\n\t\t\t<h3 class=\"elementor-heading-title elementor-size-default\">Proceso de Reinscripci\u00f3n <br> Modalidad BIS y Tradicional<\/h3>\t\t<\/div>\n\t\t\t\t<\/div>\n\t\t\t\t\t<\/div>\n\t\t<\/div>\n\t\t\t\t\t<\/div>\n\t\t<\/section>\n\t\t\t\t<section class=\"elementor-section elementor-top-section elementor-element elementor-element-1dac3ee elementor-section-boxed elementor-section-height-default elementor-section-height-default\" data-id=\"1dac3ee\" data-element_type=\"section\">\n\t\t\t\t\t\t<div class=\"elementor-container elementor-column-gap-default\">\n\t\t\t\t\t<div class=\"elementor-column elementor-col-100 elementor-top-column elementor-element elementor-element-7d42a1b\" data-id=\"7d42a1b\" data-element_type=\"column\">\n\t\t\t<div class=\"elementor-widget-wrap elementor-element-populated\">\n\t\t\t\t\t\t<div class=\"elementor-element elementor-element-a232df8 elementor-widget elementor-widget-heading\" data-id=\"a232df8\" data-element_type=\"widget\" data-widget_type=\"heading.default\">\n\t\t\t\t<div class=\"elementor-widget-container\">\n\t\t\t<h5 class=\"elementor-heading-title elementor-size-default\">Consulta en el calendario UTRM BIS, el periodo de inscripci\u00f3n correspondiente al cuatrimestre.<br><br><\/h5>\t\t<\/div>\n\t\t\t\t<\/div>\n\t\t\t\t\t<\/div>\n\t\t<\/div>\n\t\t\t\t\t<\/div>\n\t\t<\/section>\n\t\t\t\t<section class=\"elementor-section elementor-top-section elementor-element elementor-element-fe93c9a elementor-section-boxed elementor-section-height-default elementor-section-height-default\" data-id=\"fe93c9a\" data-element_type=\"section\">\n\t\t\t\t\t\t<div class=\"elementor-container elementor-column-gap-default\">\n\t\t\t\t\t<div class=\"elementor-column elementor-col-100 elementor-top-column elementor-element elementor-element-68f375e\" data-id=\"68f375e\" data-element_type=\"column\">\n\t\t\t<div class=\"elementor-widget-wrap elementor-element-populated\">\n\t\t\t\t\t\t<div class=\"elementor-element elementor-element-5c47f6e elementor-widget elementor-widget-htmega-verticletimeline-addons\" data-id=\"5c47f6e\" data-element_type=\"widget\" data-widget_type=\"htmega-verticletimeline-addons.default\">\n\t\t\t\t<div class=\"elementor-widget-container\">\n\t\t\t        <div class=\"htc-verctimeline-wrapper htmega-verticletimeline-style-1\">\n\n                           \n                                    <div class=\"ht-ver-timeline\">\n                                                    <div class=\"vertical-time\">\n                                <div class=\"vertical-date\">\n                                    <span class=\"month\">Etapa 1<\/span>\n                                <\/div>\n                            <\/div>\n                                                    <div class=\"timeline-content\">\n                                <div class=\"mapaf\"><h4>Consulta los Requisitos<\/h4><p style=\"text-align: right\"><a href=\"https:\/\/utrivieramaya.edu.mx\/wp-content\/uploads\/2023\/04\/RequicitosReinscripcion.jpeg\">M\u00e1s informaci\u00f3n<\/a><\/p><\/div>                            <\/div>\n                                            <\/div>\n                \n                           \n                                    <div class=\"ht-ver-timeline vertical-reverse\">\n                                                    <div class=\"vertical-time\">\n                                <div class=\"vertical-date\">\n                                    <span class=\"month\">Etapa 2<\/span>\n                                <\/div>\n                            <\/div>\n                                                    <div class=\"timeline-content\">\n                                <div class=\"mapaf\"><h4>Genera la Ficha de Reinscripci\u00f3n en la Plataforma SIU<\/h4><p style=\"text-align: right\"><a href=\"https:\/\/utrivieramaya.edu.mx\/wp-content\/uploads\/2022\/08\/GeneraFicha.png\">M\u00e1s informaci\u00f3n<\/a><\/p><\/div>                            <\/div>\n                                            <\/div>\n\n                \n                           \n                                    <div class=\"ht-ver-timeline\">\n                                                    <div class=\"vertical-time\">\n                                <div class=\"vertical-date\">\n                                    <span class=\"month\">Etapa 3<\/span>\n                                <\/div>\n                            <\/div>\n                                                    <div class=\"timeline-content\">\n                                <div class=\"mapaf\"><h4>Realizar el Pago<\/h4><p style=\"text-align: right\"><a href=\"https:\/\/utrivieramaya.edu.mx\/wp-content\/uploads\/2022\/08\/Pago.png\">M\u00e1s informaci\u00f3n<\/a><\/p><\/div>                            <\/div>\n                                            <\/div>\n                \n                           \n                                    <div class=\"ht-ver-timeline vertical-reverse\">\n                                                    <div class=\"vertical-time\">\n                                <div class=\"vertical-date\">\n                                    <span class=\"month\">Etapa 4<\/span>\n                                <\/div>\n                            <\/div>\n                                                    <div class=\"timeline-content\">\n                                <div class=\"mapaf\"><h4>Registra tu Pago<\/h4><p style=\"text-align: right\"><a href=\"https:\/\/utrivieramaya.edu.mx\/wp-content\/uploads\/2022\/12\/Etapa4.jpg\">M\u00e1s informaci\u00f3n<\/a><\/p><\/div>                            <\/div>\n                                            <\/div>\n\n                \n                           \n                                    <div class=\"ht-ver-timeline\">\n                                                    <div class=\"vertical-time\">\n                                <div class=\"vertical-date\">\n                                    <span class=\"month\">Fin<\/span>\n                                <\/div>\n                            <\/div>\n                                            <\/div>\n                \n            \n        <\/div>\n\n        \t\t<\/div>\n\t\t\t\t<\/div>\n\t\t\t\t\t<\/div>\n\t\t<\/div>\n\t\t\t\t\t<\/div>\n\t\t<\/section>\n\t\t\t\t<section class=\"elementor-section elementor-top-section elementor-element elementor-element-f94fcfc elementor-section-boxed elementor-section-height-default elementor-section-height-default\" data-id=\"f94fcfc\" data-element_type=\"section\">\n\t\t\t\t\t\t<div class=\"elementor-container elementor-column-gap-default\">\n\t\t\t\t\t<div class=\"elementor-column elementor-col-100 elementor-top-column elementor-element elementor-element-4900e75\" data-id=\"4900e75\" data-element_type=\"column\">\n\t\t\t<div class=\"elementor-widget-wrap elementor-element-populated\">\n\t\t\t\t\t\t<div class=\"elementor-element elementor-element-8ad99a3 elementor-widget elementor-widget-image\" data-id=\"8ad99a3\" data-element_type=\"widget\" data-widget_type=\"image.default\">\n\t\t\t\t<div class=\"elementor-widget-container\">\n\t\t\t\t\t\t\t\t\t\t\t\t\t<img fetchpriority=\"high\" decoding=\"async\" width=\"2165\" height=\"1133\" src=\"https:\/\/oldsite.utrivieramaya.edu.mx\/wp-content\/uploads\/2023\/04\/PeriodoReinscripcionAbril.jpeg\" class=\"attachment-full size-full wp-image-17877\" alt=\"\" srcset=\"https:\/\/oldsite.utrivieramaya.edu.mx\/wp-content\/uploads\/2023\/04\/PeriodoReinscripcionAbril.jpeg 2165w, https:\/\/oldsite.utrivieramaya.edu.mx\/wp-content\/uploads\/2023\/04\/PeriodoReinscripcionAbril-300x157.jpeg 300w, https:\/\/oldsite.utrivieramaya.edu.mx\/wp-content\/uploads\/2023\/04\/PeriodoReinscripcionAbril-1024x536.jpeg 1024w, https:\/\/oldsite.utrivieramaya.edu.mx\/wp-content\/uploads\/2023\/04\/PeriodoReinscripcionAbril-768x402.jpeg 768w, https:\/\/oldsite.utrivieramaya.edu.mx\/wp-content\/uploads\/2023\/04\/PeriodoReinscripcionAbril-1536x804.jpeg 1536w, https:\/\/oldsite.utrivieramaya.edu.mx\/wp-content\/uploads\/2023\/04\/PeriodoReinscripcionAbril-2048x1072.jpeg 2048w, https:\/\/oldsite.utrivieramaya.edu.mx\/wp-content\/uploads\/2023\/04\/PeriodoReinscripcionAbril-1568x821.jpeg 1568w, https:\/\/oldsite.utrivieramaya.edu.mx\/wp-content\/uploads\/2023\/04\/PeriodoReinscripcionAbril-750x392.jpeg 750w, https:\/\/oldsite.utrivieramaya.edu.mx\/wp-content\/uploads\/2023\/04\/PeriodoReinscripcionAbril-1140x597.jpeg 1140w\" sizes=\"(max-width: 34.9rem) calc(100vw - 2rem), (max-width: 53rem) calc(8 * (100vw \/ 12)), (min-width: 53rem) calc(6 * (100vw \/ 12)), 100vw\" \/>\t\t\t\t\t\t\t\t\t\t\t\t\t<\/div>\n\t\t\t\t<\/div>\n\t\t\t\t\t<\/div>\n\t\t<\/div>\n\t\t\t\t\t<\/div>\n\t\t<\/section>\n\t\t\t\t<section class=\"elementor-section elementor-top-section elementor-element elementor-element-5ae7836 elementor-section-boxed elementor-section-height-default elementor-section-height-default\" data-id=\"5ae7836\" data-element_type=\"section\">\n\t\t\t\t\t\t<div class=\"elementor-container elementor-column-gap-default\">\n\t\t\t\t\t<div class=\"elementor-column elementor-col-100 elementor-top-column elementor-element elementor-element-cbb390e\" data-id=\"cbb390e\" data-element_type=\"column\">\n\t\t\t<div class=\"elementor-widget-wrap elementor-element-populated\">\n\t\t\t\t\t\t<div class=\"elementor-element elementor-element-e1254a5 elementor-widget elementor-widget-spacer\" data-id=\"e1254a5\" data-element_type=\"widget\" data-widget_type=\"spacer.default\">\n\t\t\t\t<div class=\"elementor-widget-container\">\n\t\t\t\t\t<div class=\"elementor-spacer\">\n\t\t\t<div class=\"elementor-spacer-inner\"><\/div>\n\t\t<\/div>\n\t\t\t\t<\/div>\n\t\t\t\t<\/div>\n\t\t\t\t\t<\/div>\n\t\t<\/div>\n\t\t\t\t\t<\/div>\n\t\t<\/section>\n\t\t\t\t<section class=\"elementor-section elementor-top-section elementor-element elementor-element-fc78440 elementor-section-boxed elementor-section-height-default elementor-section-height-default\" data-id=\"fc78440\" data-element_type=\"section\">\n\t\t\t\t\t\t<div class=\"elementor-container elementor-column-gap-default\">\n\t\t\t\t\t<div class=\"elementor-column elementor-col-100 elementor-top-column elementor-element elementor-element-5131fed\" data-id=\"5131fed\" data-element_type=\"column\">\n\t\t\t<div class=\"elementor-widget-wrap elementor-element-populated\">\n\t\t\t\t\t\t<div class=\"elementor-element elementor-element-02d0ec4 elementor-widget elementor-widget-video\" data-id=\"02d0ec4\" data-element_type=\"widget\" data-settings=\"{&quot;youtube_url&quot;:&quot;https:\\\/\\\/www.youtube.com\\\/watch?v=JQRc9lOJBBU&quot;,&quot;video_type&quot;:&quot;youtube&quot;,&quot;controls&quot;:&quot;yes&quot;}\" data-widget_type=\"video.default\">\n\t\t\t\t<div class=\"elementor-widget-container\">\n\t\t\t\t\t<div class=\"elementor-wrapper elementor-open-inline\">\n\t\t\t<div class=\"elementor-video\"><\/div>\t\t<\/div>\n\t\t\t\t<\/div>\n\t\t\t\t<\/div>\n\t\t\t\t\t<\/div>\n\t\t<\/div>\n\t\t\t\t\t<\/div>\n\t\t<\/section>\n\t\t\t\t<section class=\"elementor-section elementor-top-section elementor-element elementor-element-bfe2f6a elementor-section-boxed elementor-section-height-default elementor-section-height-default\" data-id=\"bfe2f6a\" data-element_type=\"section\">\n\t\t\t\t\t\t<div class=\"elementor-container elementor-column-gap-default\">\n\t\t\t\t\t<div class=\"elementor-column elementor-col-100 elementor-top-column elementor-element elementor-element-f7cce88\" data-id=\"f7cce88\" data-element_type=\"column\">\n\t\t\t<div class=\"elementor-widget-wrap elementor-element-populated\">\n\t\t\t\t\t\t<div class=\"elementor-element elementor-element-1cd4e40 elementor-widget elementor-widget-spacer\" data-id=\"1cd4e40\" data-element_type=\"widget\" data-widget_type=\"spacer.default\">\n\t\t\t\t<div class=\"elementor-widget-container\">\n\t\t\t\t\t<div class=\"elementor-spacer\">\n\t\t\t<div class=\"elementor-spacer-inner\"><\/div>\n\t\t<\/div>\n\t\t\t\t<\/div>\n\t\t\t\t<\/div>\n\t\t\t\t\t<\/div>\n\t\t<\/div>\n\t\t\t\t\t<\/div>\n\t\t<\/section>\n\t\t\t\t<section class=\"elementor-section elementor-top-section elementor-element elementor-element-e17836e elementor-section-boxed elementor-section-height-default elementor-section-height-default\" data-id=\"e17836e\" data-element_type=\"section\">\n\t\t\t\t\t\t<div class=\"elementor-container elementor-column-gap-default\">\n\t\t\t\t\t<div class=\"elementor-column elementor-col-100 elementor-top-column elementor-element elementor-element-f17de2a\" data-id=\"f17de2a\" data-element_type=\"column\">\n\t\t\t<div class=\"elementor-widget-wrap elementor-element-populated\">\n\t\t\t\t\t\t<div class=\"elementor-element elementor-element-da10f39 elementor-widget elementor-widget-heading\" data-id=\"da10f39\" data-element_type=\"widget\" data-widget_type=\"heading.default\">\n\t\t\t\t<div class=\"elementor-widget-container\">\n\t\t\t<h5 class=\"elementor-heading-title elementor-size-default\">En un lapso de 72 horas h\u00e1biles despu\u00e9s de realizar el pago podr\u00e1s confirmar tu reinscripci\u00f3n en el portal SIU en la asignaci\u00f3n a su grupo correspondiente.<br><br>Si tienes alguna duda puedes enviarnos un whatsapp o llamarnos al 984 877 46 00 ext. 1408 en un horario de 10:00 a 21:00 horas de lunes a viernes.<\/h5>\t\t<\/div>\n\t\t\t\t<\/div>\n\t\t\t\t\t<\/div>\n\t\t<\/div>\n\t\t\t\t\t<\/div>\n\t\t<\/section>\n\t\t\t\t<\/div>\n\t\t","protected":false},"excerpt":{"rendered":"<p>Haz clic aqu\u00ed Haz clic aqu\u00ed Haz clic aqu\u00ed Proceso de Reinscripci\u00f3n Modalidad BIS y Tradicional Consulta en el calendario UTRM BIS, el periodo de inscripci\u00f3n correspondiente al cuatrimestre. Etapa 1 Consulta los Requisitos M\u00e1s informaci\u00f3n Etapa 2 Genera la Ficha de Reinscripci\u00f3n en la Plataforma SIU M\u00e1s informaci\u00f3n Etapa 3 Realizar el Pago M\u00e1s &hellip; <\/p>\n<p class=\"link-more\"><a href=\"https:\/\/oldsite.utrivieramaya.edu.mx\/index.php\/proceso-de-reinscripcion-al-cuatrimestre-modalidad-bis-y-tradicional\/\" class=\"more-link\">Seguir leyendo<span class=\"screen-reader-text\"> \u00abReinscripci\u00f3n al Cuatrimestre\u00bb<\/span><\/a><\/p>\n","protected":false},"author":8,"featured_media":0,"parent":0,"menu_order":0,"comment_status":"closed","ping_status":"closed","template":"elementor_header_footer","meta":{"_eb_attr":"","footnotes":""},"campus":[],"class_list":["post-16487","page","type-page","status-publish","hentry","entry"],"_links":{"self":[{"href":"https:\/\/oldsite.utrivieramaya.edu.mx\/index.php\/wp-json\/wp\/v2\/pages\/16487","targetHints":{"allow":["GET"]}}],"collection":[{"href":"https:\/\/oldsite.utrivieramaya.edu.mx\/index.php\/wp-json\/wp\/v2\/pages"}],"about":[{"href":"https:\/\/oldsite.utrivieramaya.edu.mx\/index.php\/wp-json\/wp\/v2\/types\/page"}],"author":[{"embeddable":true,"href":"https:\/\/oldsite.utrivieramaya.edu.mx\/index.php\/wp-json\/wp\/v2\/users\/8"}],"replies":[{"embeddable":true,"href":"https:\/\/oldsite.utrivieramaya.edu.mx\/index.php\/wp-json\/wp\/v2\/comments?post=16487"}],"version-history":[{"count":30,"href":"https:\/\/oldsite.utrivieramaya.edu.mx\/index.php\/wp-json\/wp\/v2\/pages\/16487\/revisions"}],"predecessor-version":[{"id":17884,"href":"https:\/\/oldsite.utrivieramaya.edu.mx\/index.php\/wp-json\/wp\/v2\/pages\/16487\/revisions\/17884"}],"wp:attachment":[{"href":"https:\/\/oldsite.utrivieramaya.edu.mx\/index.php\/wp-json\/wp\/v2\/media?parent=16487"}],"wp:term":[{"taxonomy":"campus","embeddable":true,"href":"https:\/\/oldsite.utrivieramaya.edu.mx\/index.php\/wp-json\/wp\/v2\/campus?post=16487"}],"curies":[{"name":"wp","href":"https:\/\/api.w.org\/{rel}","templated":true}]}}