{"id":19660,"date":"2024-01-26T02:02:48","date_gmt":"2024-01-26T02:02:48","guid":{"rendered":"https:\/\/utrivieramaya.edu.mx\/?page_id=19660"},"modified":"2024-10-14T15:19:01","modified_gmt":"2024-10-14T15:19:01","slug":"comites-internos-utrm","status":"publish","type":"page","link":"https:\/\/oldsite.utrivieramaya.edu.mx\/index.php\/comites-internos-utrm\/","title":{"rendered":"Comit\u00e9s Internos UTRM"},"content":{"rendered":"<h3>Comit\u00e9s Internos UTRM<\/h3>\n<h3><b>COCODI<\/b><\/h3>\n<p>El <b>COCODI <\/b>(Comit\u00e9 de Control y Desempe\u00f1o Institucional) tiene como objeto coordinar la administraci\u00f3n de riesgos, dar seguimiento al Plan de Trabajo de Control Interno (PTCI) y guiar a la instituci\u00f3n en el Sistema de Control para otorgar seguridad razonable en el cumplimiento de sus objetivos y metas institucionales.<\/p>\n<h3><b>COEPCI<\/b><\/h3>\n<p>El\u00a0<b>COEPCI<\/b>\u00a0(Comit\u00e9 de \u00c9tica y Prevenci\u00f3n de Conflictos de Inter\u00e9s) se constituye como un cuerpo colegiado de servidores p\u00fablicos de los distintos niveles jer\u00e1rquicos dentro de las instituciones, cuya finalidad es promover la \u00e9tica y la integridad p\u00fablica, para lograr una mejora constante del clima y cultura organizacional, dar tratamiento a los se\u00f1alamientos por desviaciones al C\u00f3digo de \u00c9tica, de Conducta, Reglas de Integridad y dem\u00e1s lineamientos o protocolos y, resolver respecto a las consultas por posibles conflictos de inter\u00e9s, impulsando la integridad de los servidores p\u00fablicos e implementando acciones permanentes que fortalezcan su comportamiento \u00e9tico.<\/p>\n<p><img decoding=\"async\" src=\"https:\/\/utrivieramaya.edu.mx\/wp-content\/uploads\/elementor\/thumbs\/Comite-qiuwm3vcsns2e2991oa9y7lok168vr6zlvfsvgtq50.png\" alt=\"Comite\" \/><br \/>\n<!-- link opening --><br \/>\n<a href=\"https:\/\/utrivieramaya.edu.mx\/wp-content\/uploads\/2024\/01\/CODIGO-DE-CONDUCTA.jpg\"><br \/>\n<!-- end link opening --><br \/>\n<img fetchpriority=\"high\" decoding=\"async\" src=\"https:\/\/utrivieramaya.edu.mx\/wp-content\/uploads\/2024\/01\/CODIGO-DE-ETICA-actualizado-2024-1-pdf.jpg\" alt=\"\" width=\"1067\" height=\"2667\" \/><br \/>\n<\/a><br \/>\n<!-- link opening --><br \/>\n<a href=\"https:\/\/utrivieramaya.edu.mx\/wp-content\/uploads\/2024\/01\/CONTROL-INTERNO.jpg\"><br \/>\n<!-- end link opening --><br \/>\n<img decoding=\"async\" src=\"https:\/\/utrivieramaya.edu.mx\/wp-content\/uploads\/2024\/01\/CONTROL-INTERNO.jpg\" sizes=\"(max-width: 800px) 100vw, 800px\" srcset=\"https:\/\/utrivieramaya.edu.mx\/wp-content\/uploads\/2024\/01\/CONTROL-INTERNO.jpg 800w, https:\/\/utrivieramaya.edu.mx\/wp-content\/uploads\/2024\/01\/CONTROL-INTERNO-120x300.jpg 120w, https:\/\/utrivieramaya.edu.mx\/wp-content\/uploads\/2024\/01\/CONTROL-INTERNO-410x1024.jpg 410w, https:\/\/utrivieramaya.edu.mx\/wp-content\/uploads\/2024\/01\/CONTROL-INTERNO-768x1920.jpg 768w, https:\/\/utrivieramaya.edu.mx\/wp-content\/uploads\/2024\/01\/CONTROL-INTERNO-614x1536.jpg 614w, https:\/\/utrivieramaya.edu.mx\/wp-content\/uploads\/2024\/01\/CONTROL-INTERNO-750x1875.jpg 750w\" alt=\"\" width=\"800\" height=\"2000\" \/><br \/>\n<\/a><br \/>\n<!-- link opening --><br \/>\n<a href=\"https:\/\/utrivieramaya.edu.mx\/wp-content\/uploads\/2024\/01\/Organigrama-COCODI.jpg\"><br \/>\n<!-- end link opening --><br \/>\n<img decoding=\"async\" src=\"https:\/\/utrivieramaya.edu.mx\/wp-content\/uploads\/2024\/01\/Organigrama-COCODI.jpg\" sizes=\"(max-width: 832px) 100vw, 832px\" srcset=\"https:\/\/utrivieramaya.edu.mx\/wp-content\/uploads\/2024\/01\/Organigrama-COCODI.jpg 832w, https:\/\/utrivieramaya.edu.mx\/wp-content\/uploads\/2024\/01\/Organigrama-COCODI-288x300.jpg 288w, https:\/\/utrivieramaya.edu.mx\/wp-content\/uploads\/2024\/01\/Organigrama-COCODI-768x799.jpg 768w, https:\/\/utrivieramaya.edu.mx\/wp-content\/uploads\/2024\/01\/Organigrama-COCODI-750x781.jpg 750w\" alt=\"\" width=\"832\" height=\"866\" \/><br \/>\n<\/a><br \/>\n<!-- link opening --><br \/>\n<a href=\"https:\/\/utrivieramaya.edu.mx\/wp-content\/uploads\/2024\/06\/Captura-de-pantalla-2024-06-11-a-las-4.25.59\u202fp.m.png\"><br \/>\n<!-- end link opening --><br \/>\n<img loading=\"lazy\" decoding=\"async\" src=\"https:\/\/utrivieramaya.edu.mx\/wp-content\/uploads\/2024\/06\/Captura-de-pantalla-2024-06-11-a-las-4.25.59\u202fp.m.png\" sizes=\"(max-width: 1092px) 100vw, 1092px\" srcset=\"https:\/\/utrivieramaya.edu.mx\/wp-content\/uploads\/2024\/06\/Captura-de-pantalla-2024-06-11-a-las-4.25.59\u202fp.m.png 1092w, https:\/\/utrivieramaya.edu.mx\/wp-content\/uploads\/2024\/06\/Captura-de-pantalla-2024-06-11-a-las-4.25.59\u202fp.m-250x300.png 250w, https:\/\/utrivieramaya.edu.mx\/wp-content\/uploads\/2024\/06\/Captura-de-pantalla-2024-06-11-a-las-4.25.59\u202fp.m-852x1024.png 852w, https:\/\/utrivieramaya.edu.mx\/wp-content\/uploads\/2024\/06\/Captura-de-pantalla-2024-06-11-a-las-4.25.59\u202fp.m-768x923.png 768w, https:\/\/utrivieramaya.edu.mx\/wp-content\/uploads\/2024\/06\/Captura-de-pantalla-2024-06-11-a-las-4.25.59\u202fp.m-750x901.png 750w\" alt=\"\" width=\"1092\" height=\"1312\" \/><br \/>\n<\/a><\/p>\n<h2>Normativa<\/h2>\n<ul>\n<li>Co\u0301digo de Conducta de los Servidores Pu\u0301blicos<\/li>\n<li>Lineamiento para la Integracio\u0301n y Funcionamiento del COCODI<\/li>\n<li>Lineamiento para la Integracio\u0301n y Funcionamiento del COEPCI<\/li>\n<li>Normas Generales de Control Interno 23-07-2019<\/li>\n<\/ul>\n<h2>Actas de Sesiones<\/h2>\n<ul>\n<li style=\"list-style-type: none\">\n<ul>\n<li>ACTA DE INSTALACI\u00d3N COCODI 2020<\/li>\n<li>ACTA DE INSTALACI\u00d3N COEPCI 2021<\/li>\n<li>ACTA I SESIO\u0301N COCODI-COEPCI 2023<\/li>\n<li>ACTA II SESIO\u0301N COCODI-COEPCI 2023<\/li>\n<li>ACTA III SESIO\u0301N COCODI-COEPCI 2023<\/li>\n<li>ACTA IV SESIO\u0301N COCODI-COEPCI 2023<\/li>\n<li>ACTA I SO COCODI 2024<\/li>\n<li>ACTA II SESI\u00d3N COCODI 2024<\/li>\n<li><a href=\"https:\/\/utrivieramaya.edu.mx\/wp-content\/uploads\/2024\/10\/ACTA-3A-SO-COCODI-2024.pdf\">ACTA III SESI\u00d3N COCODI 2024<\/a><\/li>\n<li>ACTA I SESIO\u0301N COEPCI 2024<\/li>\n<li>ACTA II SESIO\u0301N COEPCI 2024<\/li>\n<\/ul>\n<\/li>\n<\/ul>\n<ul>\n<li><\/li>\n<\/ul>\n<h2>Documentos de Trabajo<\/h2>\n<ul>\n<li>Matriz de Control para Validacio\u0301n a Nivel Alto<\/li>\n<li>Programa Anual de Trabajo COCODI<\/li>\n<li>Programa Anual de Trabajo COEPCI<\/li>\n<li>Informe Anual del Sistema de Control Interno 2023<\/li>\n<li>Programa Anual de Trabajo COEPCI 2024<\/li>\n<\/ul>\n","protected":false},"excerpt":{"rendered":"<p>Comit\u00e9s Internos UTRM COCODI El COCODI (Comit\u00e9 de Control y Desempe\u00f1o Institucional) tiene como objeto coordinar la administraci\u00f3n de riesgos, dar seguimiento al Plan de Trabajo de Control Interno (PTCI) y guiar a la instituci\u00f3n en el Sistema de Control para otorgar seguridad razonable en el cumplimiento de sus objetivos y metas institucionales. COEPCI El\u00a0COEPCI\u00a0(Comit\u00e9 &hellip; <\/p>\n<p class=\"link-more\"><a href=\"https:\/\/oldsite.utrivieramaya.edu.mx\/index.php\/comites-internos-utrm\/\" class=\"more-link\">Seguir leyendo<span class=\"screen-reader-text\"> \u00abComit\u00e9s Internos UTRM\u00bb<\/span><\/a><\/p>\n","protected":false},"author":8,"featured_media":0,"parent":0,"menu_order":0,"comment_status":"closed","ping_status":"closed","template":"elementor_theme","meta":{"_eb_attr":"","footnotes":""},"campus":[],"class_list":["post-19660","page","type-page","status-publish","hentry","entry"],"_links":{"self":[{"href":"https:\/\/oldsite.utrivieramaya.edu.mx\/index.php\/wp-json\/wp\/v2\/pages\/19660","targetHints":{"allow":["GET"]}}],"collection":[{"href":"https:\/\/oldsite.utrivieramaya.edu.mx\/index.php\/wp-json\/wp\/v2\/pages"}],"about":[{"href":"https:\/\/oldsite.utrivieramaya.edu.mx\/index.php\/wp-json\/wp\/v2\/types\/page"}],"author":[{"embeddable":true,"href":"https:\/\/oldsite.utrivieramaya.edu.mx\/index.php\/wp-json\/wp\/v2\/users\/8"}],"replies":[{"embeddable":true,"href":"https:\/\/oldsite.utrivieramaya.edu.mx\/index.php\/wp-json\/wp\/v2\/comments?post=19660"}],"version-history":[{"count":59,"href":"https:\/\/oldsite.utrivieramaya.edu.mx\/index.php\/wp-json\/wp\/v2\/pages\/19660\/revisions"}],"predecessor-version":[{"id":21391,"href":"https:\/\/oldsite.utrivieramaya.edu.mx\/index.php\/wp-json\/wp\/v2\/pages\/19660\/revisions\/21391"}],"wp:attachment":[{"href":"https:\/\/oldsite.utrivieramaya.edu.mx\/index.php\/wp-json\/wp\/v2\/media?parent=19660"}],"wp:term":[{"taxonomy":"campus","embeddable":true,"href":"https:\/\/oldsite.utrivieramaya.edu.mx\/index.php\/wp-json\/wp\/v2\/campus?post=19660"}],"curies":[{"name":"wp","href":"https:\/\/api.w.org\/{rel}","templated":true}]}}