{"id":20348,"date":"2024-02-23T21:29:56","date_gmt":"2024-02-23T21:29:56","guid":{"rendered":"https:\/\/utrivieramaya.edu.mx\/?page_id=20348"},"modified":"2024-02-28T16:38:40","modified_gmt":"2024-02-28T16:38:40","slug":"gestion-documental-archivo","status":"publish","type":"page","link":"https:\/\/oldsite.utrivieramaya.edu.mx\/index.php\/gestion-documental-archivo\/","title":{"rendered":"Gesti\u00f3n Documental Archivo"},"content":{"rendered":"\t\t<div data-elementor-type=\"wp-page\" data-elementor-id=\"20348\" class=\"elementor elementor-20348\" data-elementor-post-type=\"page\">\n\t\t\t\t\t\t<section class=\"elementor-section elementor-top-section elementor-element elementor-element-2a480051 elementor-section-content-middle elementor-section-boxed elementor-section-height-default elementor-section-height-default\" data-id=\"2a480051\" data-element_type=\"section\" data-settings=\"{&quot;background_background&quot;:&quot;classic&quot;}\">\n\t\t\t\t\t\t\t<div class=\"elementor-background-overlay\"><\/div>\n\t\t\t\t\t\t\t<div class=\"elementor-container elementor-column-gap-no\">\n\t\t\t\t\t<div class=\"elementor-column elementor-col-100 elementor-top-column elementor-element elementor-element-383bdb36\" data-id=\"383bdb36\" data-element_type=\"column\">\n\t\t\t<div class=\"elementor-widget-wrap elementor-element-populated\">\n\t\t\t\t\t\t<div class=\"elementor-element elementor-element-14e92fba elementor-widget elementor-widget-heading\" data-id=\"14e92fba\" data-element_type=\"widget\" data-widget_type=\"heading.default\">\n\t\t\t\t<div class=\"elementor-widget-container\">\n\t\t\t<h3 class=\"elementor-heading-title elementor-size-default\">Gesti\u00f3n Documental Archivo<\/h3>\t\t<\/div>\n\t\t\t\t<\/div>\n\t\t\t\t\t<\/div>\n\t\t<\/div>\n\t\t\t\t\t<\/div>\n\t\t<\/section>\n\t\t\t\t<section class=\"elementor-section elementor-top-section elementor-element elementor-element-5d355a4 elementor-section-boxed elementor-section-height-default elementor-section-height-default\" data-id=\"5d355a4\" data-element_type=\"section\">\n\t\t\t\t\t\t<div class=\"elementor-container elementor-column-gap-default\">\n\t\t\t\t\t<div class=\"elementor-column elementor-col-100 elementor-top-column elementor-element elementor-element-22cb8f5\" data-id=\"22cb8f5\" data-element_type=\"column\">\n\t\t\t<div class=\"elementor-widget-wrap elementor-element-populated\">\n\t\t\t\t\t\t<div class=\"elementor-element elementor-element-ea485f2 elementor-widget elementor-widget-spacer\" data-id=\"ea485f2\" data-element_type=\"widget\" data-widget_type=\"spacer.default\">\n\t\t\t\t<div class=\"elementor-widget-container\">\n\t\t\t\t\t<div class=\"elementor-spacer\">\n\t\t\t<div class=\"elementor-spacer-inner\"><\/div>\n\t\t<\/div>\n\t\t\t\t<\/div>\n\t\t\t\t<\/div>\n\t\t\t\t\t<\/div>\n\t\t<\/div>\n\t\t\t\t\t<\/div>\n\t\t<\/section>\n\t\t\t\t<section class=\"elementor-section elementor-top-section elementor-element elementor-element-0cf23c1 elementor-section-boxed elementor-section-height-default elementor-section-height-default\" data-id=\"0cf23c1\" data-element_type=\"section\">\n\t\t\t\t\t\t<div class=\"elementor-container elementor-column-gap-default\">\n\t\t\t\t\t<div class=\"elementor-column elementor-col-100 elementor-top-column elementor-element elementor-element-783977a\" data-id=\"783977a\" data-element_type=\"column\">\n\t\t\t<div class=\"elementor-widget-wrap elementor-element-populated\">\n\t\t\t\t\t\t<div class=\"elementor-element elementor-element-abb4afb elementor-tabs-view-vertical elementor-widget elementor-widget-tabs\" data-id=\"abb4afb\" data-element_type=\"widget\" data-widget_type=\"tabs.default\">\n\t\t\t\t<div class=\"elementor-widget-container\">\n\t\t\t\t\t<div class=\"elementor-tabs\">\n\t\t\t<div class=\"elementor-tabs-wrapper\" role=\"tablist\" >\n\t\t\t\t\t\t\t\t\t<div id=\"elementor-tab-title-1801\" class=\"elementor-tab-title elementor-tab-desktop-title\" aria-selected=\"true\" data-tab=\"1\" role=\"tab\" tabindex=\"0\" aria-controls=\"elementor-tab-content-1801\" aria-expanded=\"false\">Grupo Interdiciplinario<\/div>\n\t\t\t\t\t\t\t\t\t<div id=\"elementor-tab-title-1802\" class=\"elementor-tab-title elementor-tab-desktop-title\" aria-selected=\"false\" data-tab=\"2\" role=\"tab\" tabindex=\"-1\" aria-controls=\"elementor-tab-content-1802\" aria-expanded=\"false\">Reglas de Operaci\u00f3n<\/div>\n\t\t\t\t\t\t\t\t\t<div id=\"elementor-tab-title-1803\" class=\"elementor-tab-title elementor-tab-desktop-title\" aria-selected=\"false\" data-tab=\"3\" role=\"tab\" tabindex=\"-1\" aria-controls=\"elementor-tab-content-1803\" aria-expanded=\"false\">Normatividad<\/div>\n\t\t\t\t\t\t\t\t\t<div id=\"elementor-tab-title-1804\" class=\"elementor-tab-title elementor-tab-desktop-title\" aria-selected=\"false\" data-tab=\"4\" role=\"tab\" tabindex=\"-1\" aria-controls=\"elementor-tab-content-1804\" aria-expanded=\"false\">Cat\u00e1logos, Gu\u00edas e Inventarios de Archivos<\/div>\n\t\t\t\t\t\t\t\t\t<div id=\"elementor-tab-title-1805\" class=\"elementor-tab-title elementor-tab-desktop-title\" aria-selected=\"false\" data-tab=\"5\" role=\"tab\" tabindex=\"-1\" aria-controls=\"elementor-tab-content-1805\" aria-expanded=\"false\">Sistema Institucional de Archivos<\/div>\n\t\t\t\t\t\t\t\t\t<div id=\"elementor-tab-title-1806\" class=\"elementor-tab-title elementor-tab-desktop-title\" aria-selected=\"false\" data-tab=\"6\" role=\"tab\" tabindex=\"-1\" aria-controls=\"elementor-tab-content-1806\" aria-expanded=\"false\">Plan Anual de Desarrollo Archiv\u00edstico<\/div>\n\t\t\t\t\t\t\t<\/div>\n\t\t\t<div class=\"elementor-tabs-content-wrapper\" role=\"tablist\" aria-orientation=\"vertical\">\n\t\t\t\t\t\t\t\t\t<div class=\"elementor-tab-title elementor-tab-mobile-title\" aria-selected=\"true\" data-tab=\"1\" role=\"tab\" tabindex=\"0\" aria-controls=\"elementor-tab-content-1801\" aria-expanded=\"false\">Grupo Interdiciplinario<\/div>\n\t\t\t\t\t<div id=\"elementor-tab-content-1801\" class=\"elementor-tab-content elementor-clearfix\" data-tab=\"1\" role=\"tabpanel\" aria-labelledby=\"elementor-tab-title-1801\" tabindex=\"0\" hidden=\"false\"><p><a href=\"https:\/\/utrivieramaya.edu.mx\/wp-content\/uploads\/2024\/02\/ACTA-DE-LA-PRIMERA-SESION-ORDINARIA-2023-GRUPO-INTERDICIPLINARIO.pdf\" target=\"_blank\" rel=\"noopener\">ACTA DE LA PRIMERA SESION ORDINARIA 2023 GRUPO INTERDICIPLINARIO<\/a><\/p><p><a href=\"https:\/\/utrivieramaya.edu.mx\/wp-content\/uploads\/2024\/02\/ACTA-DE-LA-SEGUNDA-SESION-ORDINARIA-2023-GRUPO-INTERDICIPLINARIO.pdf\">ACTA DE LA SEGUNDA SESION ORDINARIA 2023 GRUPO INTERDICIPLINARIO<\/a><\/p><p><a href=\"https:\/\/utrivieramaya.edu.mx\/wp-content\/uploads\/2024\/02\/ACTA-DE-LA-PRIMERA-SESION-ORD-2024-GRUPO-INTERDICIPLINARIO.pdf\">ACTA DE LA PRIMERA SESION ORD 2024 GRUPO INTERDICIPLINARIO<\/a><\/p><\/div>\n\t\t\t\t\t\t\t\t\t<div class=\"elementor-tab-title elementor-tab-mobile-title\" aria-selected=\"false\" data-tab=\"2\" role=\"tab\" tabindex=\"-1\" aria-controls=\"elementor-tab-content-1802\" aria-expanded=\"false\">Reglas de Operaci\u00f3n<\/div>\n\t\t\t\t\t<div id=\"elementor-tab-content-1802\" class=\"elementor-tab-content elementor-clearfix\" data-tab=\"2\" role=\"tabpanel\" aria-labelledby=\"elementor-tab-title-1802\" tabindex=\"0\" hidden=\"hidden\"><p><a href=\"https:\/\/utrivieramaya.edu.mx\/wp-content\/uploads\/2024\/02\/REGLAS-DE-OPERACION-DEL-GRUPO-INTERDICIPLINARIO.pdf\">REGLAS DE OPERACION DEL GRUPO INTERDICIPLINARIO<\/a><\/p><\/div>\n\t\t\t\t\t\t\t\t\t<div class=\"elementor-tab-title elementor-tab-mobile-title\" aria-selected=\"false\" data-tab=\"3\" role=\"tab\" tabindex=\"-1\" aria-controls=\"elementor-tab-content-1803\" aria-expanded=\"false\">Normatividad<\/div>\n\t\t\t\t\t<div id=\"elementor-tab-content-1803\" class=\"elementor-tab-content elementor-clearfix\" data-tab=\"3\" role=\"tabpanel\" aria-labelledby=\"elementor-tab-title-1803\" tabindex=\"0\" hidden=\"hidden\"><\/div>\n\t\t\t\t\t\t\t\t\t<div class=\"elementor-tab-title elementor-tab-mobile-title\" aria-selected=\"false\" data-tab=\"4\" role=\"tab\" tabindex=\"-1\" aria-controls=\"elementor-tab-content-1804\" aria-expanded=\"false\">Cat\u00e1logos, Gu\u00edas e Inventarios de Archivos<\/div>\n\t\t\t\t\t<div id=\"elementor-tab-content-1804\" class=\"elementor-tab-content elementor-clearfix\" data-tab=\"4\" role=\"tabpanel\" aria-labelledby=\"elementor-tab-title-1804\" tabindex=\"0\" hidden=\"hidden\"><p><a href=\"https:\/\/utrivieramaya.edu.mx\/wp-content\/uploads\/2024\/02\/CATALAGO-DE-DISPOSICION-DOCUMENTAL.pdf\">CATA\u0301LAGO DE DISPOSICION DOCUMENTAL<\/a><\/p><p><a href=\"https:\/\/utrivieramaya.edu.mx\/wp-content\/uploads\/2024\/02\/CUADRO-GENERAL-DE-CLASIFICACION-ARCHIVISTICA-1.pdf\">CUADRO GENERAL DE CLASIFICACIO\u0301N ARCHIVISTICA<\/a><\/p><p><a href=\"https:\/\/utrivieramaya.edu.mx\/wp-content\/uploads\/2024\/02\/INVENTARIOS-DOCUMENTALES.pdf\">INVENTARIOS DOCUMENTALES<\/a><\/p><\/div>\n\t\t\t\t\t\t\t\t\t<div class=\"elementor-tab-title elementor-tab-mobile-title\" aria-selected=\"false\" data-tab=\"5\" role=\"tab\" tabindex=\"-1\" aria-controls=\"elementor-tab-content-1805\" aria-expanded=\"false\">Sistema Institucional de Archivos<\/div>\n\t\t\t\t\t<div id=\"elementor-tab-content-1805\" class=\"elementor-tab-content elementor-clearfix\" data-tab=\"5\" role=\"tabpanel\" aria-labelledby=\"elementor-tab-title-1805\" tabindex=\"0\" hidden=\"hidden\"><p><a href=\"https:\/\/utrivieramaya.edu.mx\/wp-content\/uploads\/2024\/02\/ACTA-DE-CONFORMACION-DEL-SISTEMA-INSTITUCIONAL-DE-ARCHIVOS-2023.pdf\">ACTA DE CONFORMACION DEL SISTEMA INSTITUCIONAL DE ARCHIVOS 2023<\/a><\/p><\/div>\n\t\t\t\t\t\t\t\t\t<div class=\"elementor-tab-title elementor-tab-mobile-title\" aria-selected=\"false\" data-tab=\"6\" role=\"tab\" tabindex=\"-1\" aria-controls=\"elementor-tab-content-1806\" aria-expanded=\"false\">Plan Anual de Desarrollo Archiv\u00edstico<\/div>\n\t\t\t\t\t<div id=\"elementor-tab-content-1806\" class=\"elementor-tab-content elementor-clearfix\" data-tab=\"6\" role=\"tabpanel\" aria-labelledby=\"elementor-tab-title-1806\" tabindex=\"0\" hidden=\"hidden\"><p><a href=\"https:\/\/utrivieramaya.edu.mx\/wp-content\/uploads\/2024\/02\/PROGRAMA-ANUAL-DE-DESARROLLO-ARCHIVISTICO-2023.pdf\">PROGRAMA ANUAL DE DESARROLLO ARCHIVISTICO 2023<\/a><\/p><p><a href=\"https:\/\/utrivieramaya.edu.mx\/wp-content\/uploads\/2024\/02\/PROGRAMA-ANUAL-DE-DESARROLLO-ARCHIVISTICO-2024.pdf\">PROGRAMA ANUAL DE DESARROLLO ARCHIVISTICO 2024<\/a><\/p><\/div>\n\t\t\t\t\t\t\t<\/div>\n\t\t<\/div>\n\t\t\t\t<\/div>\n\t\t\t\t<\/div>\n\t\t\t\t\t<\/div>\n\t\t<\/div>\n\t\t\t\t\t<\/div>\n\t\t<\/section>\n\t\t\t\t<\/div>\n\t\t","protected":false},"excerpt":{"rendered":"<p>Gesti\u00f3n Documental Archivo Grupo Interdiciplinario Reglas de Operaci\u00f3n Normatividad Cat\u00e1logos, Gu\u00edas e Inventarios de Archivos Sistema Institucional de Archivos Plan Anual de Desarrollo Archiv\u00edstico Grupo Interdiciplinario ACTA DE LA PRIMERA SESION ORDINARIA 2023 GRUPO INTERDICIPLINARIO ACTA DE LA SEGUNDA SESION ORDINARIA 2023 GRUPO INTERDICIPLINARIO ACTA DE LA PRIMERA SESION ORD 2024 GRUPO INTERDICIPLINARIO Reglas de &hellip; <\/p>\n<p class=\"link-more\"><a href=\"https:\/\/oldsite.utrivieramaya.edu.mx\/index.php\/gestion-documental-archivo\/\" class=\"more-link\">Seguir leyendo<span class=\"screen-reader-text\"> \u00abGesti\u00f3n Documental Archivo\u00bb<\/span><\/a><\/p>\n","protected":false},"author":8,"featured_media":0,"parent":0,"menu_order":0,"comment_status":"closed","ping_status":"closed","template":"elementor_header_footer","meta":{"_eb_attr":"","footnotes":""},"campus":[],"class_list":["post-20348","page","type-page","status-publish","hentry","entry"],"_links":{"self":[{"href":"https:\/\/oldsite.utrivieramaya.edu.mx\/index.php\/wp-json\/wp\/v2\/pages\/20348","targetHints":{"allow":["GET"]}}],"collection":[{"href":"https:\/\/oldsite.utrivieramaya.edu.mx\/index.php\/wp-json\/wp\/v2\/pages"}],"about":[{"href":"https:\/\/oldsite.utrivieramaya.edu.mx\/index.php\/wp-json\/wp\/v2\/types\/page"}],"author":[{"embeddable":true,"href":"https:\/\/oldsite.utrivieramaya.edu.mx\/index.php\/wp-json\/wp\/v2\/users\/8"}],"replies":[{"embeddable":true,"href":"https:\/\/oldsite.utrivieramaya.edu.mx\/index.php\/wp-json\/wp\/v2\/comments?post=20348"}],"version-history":[{"count":19,"href":"https:\/\/oldsite.utrivieramaya.edu.mx\/index.php\/wp-json\/wp\/v2\/pages\/20348\/revisions"}],"predecessor-version":[{"id":20459,"href":"https:\/\/oldsite.utrivieramaya.edu.mx\/index.php\/wp-json\/wp\/v2\/pages\/20348\/revisions\/20459"}],"wp:attachment":[{"href":"https:\/\/oldsite.utrivieramaya.edu.mx\/index.php\/wp-json\/wp\/v2\/media?parent=20348"}],"wp:term":[{"taxonomy":"campus","embeddable":true,"href":"https:\/\/oldsite.utrivieramaya.edu.mx\/index.php\/wp-json\/wp\/v2\/campus?post=20348"}],"curies":[{"name":"wp","href":"https:\/\/api.w.org\/{rel}","templated":true}]}}