{"id":21015,"date":"2024-06-20T20:08:25","date_gmt":"2024-06-20T20:08:25","guid":{"rendered":"https:\/\/utrivieramaya.edu.mx\/?page_id=21015"},"modified":"2024-09-03T16:25:00","modified_gmt":"2024-09-03T16:25:00","slug":"planeacion-estrategica","status":"publish","type":"page","link":"https:\/\/oldsite.utrivieramaya.edu.mx\/index.php\/planeacion-estrategica\/","title":{"rendered":"Planeaci\u00f3n Estrat\u00e9gica"},"content":{"rendered":"<h3>Planeaci\u00f3n Estrat\u00e9gica UTRM<\/h3>\n<h2>PIDE<\/h2>\n<ul>\n<li>\nReportes<\/li>\n<\/ul>\n<h2>Ley General de Planeaci\u00f3n<\/h2>\n<ul>\n<li>\nLey General<\/li>\n<\/ul>\n<h2>Indicadores<\/h2>\n<ul>\n<li>\nIndicadores<\/li>\n<\/ul>\n","protected":false},"excerpt":{"rendered":"<p>Planeaci\u00f3n Estrat\u00e9gica UTRM PIDE Reportes Ley General de Planeaci\u00f3n Ley General Indicadores Indicadores<\/p>\n","protected":false},"author":8,"featured_media":0,"parent":0,"menu_order":0,"comment_status":"closed","ping_status":"closed","template":"elementor_header_footer","meta":{"_eb_attr":"","footnotes":""},"campus":[],"class_list":["post-21015","page","type-page","status-publish","hentry","entry"],"_links":{"self":[{"href":"https:\/\/oldsite.utrivieramaya.edu.mx\/index.php\/wp-json\/wp\/v2\/pages\/21015","targetHints":{"allow":["GET"]}}],"collection":[{"href":"https:\/\/oldsite.utrivieramaya.edu.mx\/index.php\/wp-json\/wp\/v2\/pages"}],"about":[{"href":"https:\/\/oldsite.utrivieramaya.edu.mx\/index.php\/wp-json\/wp\/v2\/types\/page"}],"author":[{"embeddable":true,"href":"https:\/\/oldsite.utrivieramaya.edu.mx\/index.php\/wp-json\/wp\/v2\/users\/8"}],"replies":[{"embeddable":true,"href":"https:\/\/oldsite.utrivieramaya.edu.mx\/index.php\/wp-json\/wp\/v2\/comments?post=21015"}],"version-history":[{"count":7,"href":"https:\/\/oldsite.utrivieramaya.edu.mx\/index.php\/wp-json\/wp\/v2\/pages\/21015\/revisions"}],"predecessor-version":[{"id":21299,"href":"https:\/\/oldsite.utrivieramaya.edu.mx\/index.php\/wp-json\/wp\/v2\/pages\/21015\/revisions\/21299"}],"wp:attachment":[{"href":"https:\/\/oldsite.utrivieramaya.edu.mx\/index.php\/wp-json\/wp\/v2\/media?parent=21015"}],"wp:term":[{"taxonomy":"campus","embeddable":true,"href":"https:\/\/oldsite.utrivieramaya.edu.mx\/index.php\/wp-json\/wp\/v2\/campus?post=21015"}],"curies":[{"name":"wp","href":"https:\/\/api.w.org\/{rel}","templated":true}]}}