{"id":225,"date":"2021-01-15T16:47:57","date_gmt":"2021-01-15T16:47:57","guid":{"rendered":"https:\/\/utrivieramayademo1.ozelot.it\/?page_id=225"},"modified":"2021-06-04T17:42:34","modified_gmt":"2021-06-04T17:42:34","slug":"funciones-del-comite","status":"publish","type":"page","link":"https:\/\/oldsite.utrivieramaya.edu.mx\/index.php\/funciones-del-comite\/","title":{"rendered":"Funciones del Comit\u00e9"},"content":{"rendered":"\t\t<div data-elementor-type=\"wp-page\" data-elementor-id=\"225\" class=\"elementor elementor-225\" data-elementor-post-type=\"page\">\n\t\t\t\t\t\t<section class=\"elementor-section elementor-top-section elementor-element elementor-element-30cf21c3 elementor-section-full_width elementor-section-content-top elementor-section-height-default elementor-section-height-default\" data-id=\"30cf21c3\" data-element_type=\"section\" data-settings=\"{&quot;background_background&quot;:&quot;classic&quot;}\">\n\t\t\t\t\t\t\t<div class=\"elementor-background-overlay\"><\/div>\n\t\t\t\t\t\t\t<div class=\"elementor-container elementor-column-gap-default\">\n\t\t\t\t\t<div class=\"elementor-column elementor-col-100 elementor-top-column elementor-element elementor-element-8eda2ed\" data-id=\"8eda2ed\" data-element_type=\"column\">\n\t\t\t<div class=\"elementor-widget-wrap elementor-element-populated\">\n\t\t\t\t\t\t<div class=\"elementor-element elementor-element-5d93220d elementor-widget elementor-widget-ekit-nav-menu\" data-id=\"5d93220d\" data-element_type=\"widget\" data-widget_type=\"ekit-nav-menu.default\">\n\t\t\t\t<div class=\"elementor-widget-container\">\n\t\t\t<div class=\"ekit-wid-con ekit_menu_responsive_tablet\" data-hamburger-icon=\"\" data-hamburger-icon-type=\"icon\" data-responsive-breakpoint=\"1024\"><\/div>\t\t<\/div>\n\t\t\t\t<\/div>\n\t\t\t\t\t<\/div>\n\t\t<\/div>\n\t\t\t\t\t<\/div>\n\t\t<\/section>\n\t\t\t\t<section class=\"elementor-section elementor-top-section elementor-element elementor-element-dd28d5d elementor-section-boxed elementor-section-height-default elementor-section-height-default\" data-id=\"dd28d5d\" data-element_type=\"section\">\n\t\t\t\t\t\t<div class=\"elementor-container elementor-column-gap-default\">\n\t\t\t\t\t<div class=\"elementor-column elementor-col-100 elementor-top-column elementor-element elementor-element-2ede4a7\" data-id=\"2ede4a7\" data-element_type=\"column\">\n\t\t\t<div class=\"elementor-widget-wrap elementor-element-populated\">\n\t\t\t\t\t\t<div class=\"elementor-element elementor-element-e370242 elementor-widget elementor-widget-text-editor\" data-id=\"e370242\" data-element_type=\"widget\" data-widget_type=\"text-editor.default\">\n\t\t\t\t<div class=\"elementor-widget-container\">\n\t\t\t\t\t\t\t<h4><span style=\"color: #333333;\">Funciones del Comit\u00e9\u00a0<\/span><\/h4><p><span style=\"color: #808080;\"><em>*Ley de Transparencia y Acceso a la Informaci\u00f3n P\u00fablica del Estado de Quintana Roo.<\/em><\/span><\/p><h5><span style=\"color: #333333;\"><em>Art\u00edculo 62. Los Comit\u00e9s de Transparencia tendr\u00e1n las siguientes funciones:<\/em><\/span><\/h5>\t\t\t\t\t\t<\/div>\n\t\t\t\t<\/div>\n\t\t\t\t\t<\/div>\n\t\t<\/div>\n\t\t\t\t\t<\/div>\n\t\t<\/section>\n\t\t\t\t<section class=\"elementor-section elementor-top-section elementor-element elementor-element-7fcb286b elementor-section-boxed elementor-section-height-default elementor-section-height-default\" data-id=\"7fcb286b\" data-element_type=\"section\">\n\t\t\t\t\t\t<div class=\"elementor-container elementor-column-gap-default\">\n\t\t\t\t\t<div class=\"elementor-column elementor-col-50 elementor-top-column elementor-element elementor-element-36cf0cc\" data-id=\"36cf0cc\" data-element_type=\"column\">\n\t\t\t<div class=\"elementor-widget-wrap elementor-element-populated\">\n\t\t\t\t\t\t<div class=\"elementor-element elementor-element-7196bd2 elementor-widget elementor-widget-text-editor\" data-id=\"7196bd2\" data-element_type=\"widget\" data-widget_type=\"text-editor.default\">\n\t\t\t\t<div class=\"elementor-widget-container\">\n\t\t\t\t\t\t\t<p><strong>I.<\/strong> Instituir, coordinar y supervisar, en t\u00e9rminos de las disposiciones aplicables, las acciones y<br \/>los procedimientos para asegurar la mayor eficacia en la gesti\u00f3n de las solicitudes en materia<br \/>de acceso a la informaci\u00f3n;<br \/><strong>II.<\/strong> Confirmar, modificar o revocar las determinaciones que en materia de ampliaci\u00f3n del plazo<br \/>de respuesta, clasificaci\u00f3n de la informaci\u00f3n y declaraci\u00f3n de inexistencia o de<br \/>incompetencia realicen los titulares de las \u00c1reas de los sujetos obligados;<br \/><strong>III.<\/strong> Ordenar, en su caso, a las \u00c1reas competentes que generen la informaci\u00f3n que derivado de<br \/>sus facultades, competencias y funciones deban tener en posesi\u00f3n o que previa acreditaci\u00f3n<br \/>de la imposibilidad de su generaci\u00f3n, exponga, de forma fundada y motivada, las razones<br \/>por las cuales, en el caso particular, no ejercieron dichas facultades, competencias o<br \/>funciones;<br \/><strong>IV.<\/strong> Establecer pol\u00edticas para facilitar la obtenci\u00f3n de informaci\u00f3n y el ejercicio del derecho de<br \/>acceso a la informaci\u00f3n;<br \/><strong>V.<\/strong> Promover la capacitaci\u00f3n y actualizaci\u00f3n de los Servidores P\u00fablicos o integrantes adscritos a<br \/>las Unidades de Transparencia;<br \/><strong>VI.<\/strong> Establecer programas de capacitaci\u00f3n en materia de transparencia, acceso a la informaci\u00f3n,<br \/>accesibilidad y protecci\u00f3n de datos personales, para todos los Servidores P\u00fablicos o<br \/>integrantes del sujeto obligado;<\/p>\t\t\t\t\t\t<\/div>\n\t\t\t\t<\/div>\n\t\t\t\t\t<\/div>\n\t\t<\/div>\n\t\t\t\t<div class=\"elementor-column elementor-col-50 elementor-top-column elementor-element elementor-element-3b999e8f\" data-id=\"3b999e8f\" data-element_type=\"column\">\n\t\t\t<div class=\"elementor-widget-wrap elementor-element-populated\">\n\t\t\t\t\t\t<div class=\"elementor-element elementor-element-dfb8611 elementor-widget elementor-widget-text-editor\" data-id=\"dfb8611\" data-element_type=\"widget\" data-widget_type=\"text-editor.default\">\n\t\t\t\t<div class=\"elementor-widget-container\">\n\t\t\t\t\t\t\t<p><span style=\"color: #000000;\"><span style=\"font-weight: bolder;\">VII.<\/span>\u00a0Recabar y enviar al Instituto, de conformidad con los lineamientos que \u00e9ste expida, los datos<\/span><br \/><span style=\"color: #000000;\">necesarios para la elaboraci\u00f3n del informe anual;<span style=\"font-weight: bolder;\"><br \/><\/span><\/span><\/p><p><span style=\"color: #000000;\"><span style=\"font-weight: bolder;\">VIII.<\/span>\u00a0Solicitar y autorizar la ampliaci\u00f3n del plazo de reserva de la informaci\u00f3n a que se refiere el<\/span><br \/><span style=\"color: #000000;\">art\u00edculo 124 de la presente Ley;<strong><br \/><\/strong><\/span><\/p><p><span style=\"color: #000000;\"><strong>IX.<\/strong> Supervisar la aplicaci\u00f3n y cumplimiento de los lineamientos, criterios y recomendaciones<\/span><br \/><span style=\"color: #000000;\">expedidos por el Sistema Nacional y por el Instituto;<\/span><br \/><span style=\"color: #000000;\"><strong>X.<\/strong> Acceder a la informaci\u00f3n del sujeto obligado para resolver sobre la clasificaci\u00f3n realizada por<\/span><br \/><span style=\"color: #000000;\">los titulares de \u00e1reas, conforme a la normatividad previamente establecida para tal efecto y<\/span><br \/><span style=\"color: #000000;\">para opinar sobre las formas sobre su resguardo o salvaguarda;<\/span><br \/><span style=\"color: #000000;\"><strong>XI.<\/strong> Realizar las acciones necesarias para garantizar el ejercicio del derecho de acceso a la<\/span><br \/><span style=\"color: #000000;\">informaci\u00f3n;<\/span><br \/><span style=\"color: #000000;\"><strong>XII.<\/strong> Fomentar la cultura de transparencia;<\/span><br \/><span style=\"color: #000000;\"><strong>XIII.<\/strong> Suscribir las declaraciones de inexistencia de la informaci\u00f3n;<\/span><br \/><span style=\"color: #000000;\"><strong>XIV.<\/strong> Proponer los procedimientos para asegurar la mayor eficiencia en la gesti\u00f3n de las<\/span><br \/><span style=\"color: #000000;\">solicitudes de acceso a la informaci\u00f3n;<\/span><br \/><span style=\"color: #000000;\"><strong>XV.<\/strong> Proponer al Titular del sujeto obligado, la publicaci\u00f3n de informaci\u00f3n adicional a la se\u00f1alada<\/span><br \/><span style=\"color: #000000;\">por el Cap\u00edtulo II del T\u00edtulo Sexto, en aras de la transparencia proactiva, y<\/span><br \/><span style=\"color: #000000;\"><strong>XVI.<\/strong> Las dem\u00e1s que se desprendan de la normatividad aplicable o que le instruya el Instituto.<\/span><\/p>\t\t\t\t\t\t<\/div>\n\t\t\t\t<\/div>\n\t\t\t\t\t<\/div>\n\t\t<\/div>\n\t\t\t\t\t<\/div>\n\t\t<\/section>\n\t\t\t\t<\/div>\n\t\t","protected":false},"excerpt":{"rendered":"<p>Inicio Transparencia Informaci\u00f3n Obligatoria Art\u00edculo 91 Art\u00edculo 92 Art\u00edculo 93 Unidad de Transparencia Titular y Domicilio Formatos de Solicitud Informe Anual Informaci\u00f3n reservada Comit\u00e9 Actas de comit\u00e9 de transparencia Funciones Integraci\u00f3n Calendario de sesiones Solicitud de informaci\u00f3n en l\u00ednea Avisos de privacidad X Funciones del Comit\u00e9\u00a0 *Ley de Transparencia y Acceso a la Informaci\u00f3n P\u00fablica &hellip; <\/p>\n<p class=\"link-more\"><a href=\"https:\/\/oldsite.utrivieramaya.edu.mx\/index.php\/funciones-del-comite\/\" class=\"more-link\">Seguir leyendo<span class=\"screen-reader-text\"> \u00abFunciones del Comit\u00e9\u00bb<\/span><\/a><\/p>\n","protected":false},"author":8,"featured_media":0,"parent":0,"menu_order":0,"comment_status":"closed","ping_status":"closed","template":"elementor_header_footer","meta":{"_eb_attr":"","footnotes":""},"campus":[],"class_list":["post-225","page","type-page","status-publish","hentry","entry"],"_links":{"self":[{"href":"https:\/\/oldsite.utrivieramaya.edu.mx\/index.php\/wp-json\/wp\/v2\/pages\/225","targetHints":{"allow":["GET"]}}],"collection":[{"href":"https:\/\/oldsite.utrivieramaya.edu.mx\/index.php\/wp-json\/wp\/v2\/pages"}],"about":[{"href":"https:\/\/oldsite.utrivieramaya.edu.mx\/index.php\/wp-json\/wp\/v2\/types\/page"}],"author":[{"embeddable":true,"href":"https:\/\/oldsite.utrivieramaya.edu.mx\/index.php\/wp-json\/wp\/v2\/users\/8"}],"replies":[{"embeddable":true,"href":"https:\/\/oldsite.utrivieramaya.edu.mx\/index.php\/wp-json\/wp\/v2\/comments?post=225"}],"version-history":[{"count":15,"href":"https:\/\/oldsite.utrivieramaya.edu.mx\/index.php\/wp-json\/wp\/v2\/pages\/225\/revisions"}],"predecessor-version":[{"id":13687,"href":"https:\/\/oldsite.utrivieramaya.edu.mx\/index.php\/wp-json\/wp\/v2\/pages\/225\/revisions\/13687"}],"wp:attachment":[{"href":"https:\/\/oldsite.utrivieramaya.edu.mx\/index.php\/wp-json\/wp\/v2\/media?parent=225"}],"wp:term":[{"taxonomy":"campus","embeddable":true,"href":"https:\/\/oldsite.utrivieramaya.edu.mx\/index.php\/wp-json\/wp\/v2\/campus?post=225"}],"curies":[{"name":"wp","href":"https:\/\/api.w.org\/{rel}","templated":true}]}}