{"id":229,"date":"2021-01-15T16:55:43","date_gmt":"2021-01-15T16:55:43","guid":{"rendered":"https:\/\/utrivieramayademo1.ozelot.it\/?page_id=229"},"modified":"2024-02-27T21:45:01","modified_gmt":"2024-02-27T21:45:01","slug":"actas-de-comite-de-transparencia","status":"publish","type":"page","link":"https:\/\/oldsite.utrivieramaya.edu.mx\/index.php\/actas-de-comite-de-transparencia\/","title":{"rendered":"Actas de comit\u00e9 de transparencia"},"content":{"rendered":"\t\t<div data-elementor-type=\"wp-page\" data-elementor-id=\"229\" class=\"elementor elementor-229\" data-elementor-post-type=\"page\">\n\t\t\t\t\t\t<section class=\"elementor-section elementor-top-section elementor-element elementor-element-faf12ae elementor-section-full_width elementor-section-content-top elementor-section-height-default elementor-section-height-default\" data-id=\"faf12ae\" data-element_type=\"section\" data-settings=\"{&quot;background_background&quot;:&quot;classic&quot;}\">\n\t\t\t\t\t\t\t<div class=\"elementor-background-overlay\"><\/div>\n\t\t\t\t\t\t\t<div class=\"elementor-container elementor-column-gap-default\">\n\t\t\t\t\t<div class=\"elementor-column elementor-col-100 elementor-top-column elementor-element elementor-element-4955bfd\" data-id=\"4955bfd\" data-element_type=\"column\">\n\t\t\t<div class=\"elementor-widget-wrap elementor-element-populated\">\n\t\t\t\t\t\t<div class=\"elementor-element elementor-element-a8fffc3 elementor-widget elementor-widget-ekit-nav-menu\" data-id=\"a8fffc3\" data-element_type=\"widget\" data-widget_type=\"ekit-nav-menu.default\">\n\t\t\t\t<div class=\"elementor-widget-container\">\n\t\t\t<div class=\"ekit-wid-con ekit_menu_responsive_tablet\" data-hamburger-icon=\"\" data-hamburger-icon-type=\"icon\" data-responsive-breakpoint=\"1024\"><\/div>\t\t<\/div>\n\t\t\t\t<\/div>\n\t\t\t\t\t<\/div>\n\t\t<\/div>\n\t\t\t\t\t<\/div>\n\t\t<\/section>\n\t\t\t\t<section class=\"elementor-section elementor-top-section elementor-element elementor-element-731fd24d elementor-section-boxed elementor-section-height-default elementor-section-height-default\" data-id=\"731fd24d\" data-element_type=\"section\">\n\t\t\t\t\t\t<div class=\"elementor-container elementor-column-gap-default\">\n\t\t\t\t\t\t<\/div>\n\t\t<\/section>\n\t\t\t\t<section class=\"elementor-section elementor-top-section elementor-element elementor-element-6cf1c5e elementor-section-content-middle elementor-section-boxed elementor-section-height-default elementor-section-height-default\" data-id=\"6cf1c5e\" data-element_type=\"section\" data-settings=\"{&quot;background_background&quot;:&quot;classic&quot;}\">\n\t\t\t\t\t\t<div class=\"elementor-container elementor-column-gap-default\">\n\t\t\t\t\t<div class=\"elementor-column elementor-col-33 elementor-top-column elementor-element elementor-element-5903acbf\" data-id=\"5903acbf\" data-element_type=\"column\">\n\t\t\t<div class=\"elementor-widget-wrap elementor-element-populated\">\n\t\t\t\t\t\t<div class=\"elementor-element elementor-element-28b834cc elementor-widget elementor-widget-heading\" data-id=\"28b834cc\" data-element_type=\"widget\" data-widget_type=\"heading.default\">\n\t\t\t\t<div class=\"elementor-widget-container\">\n\t\t\t<h3 class=\"elementor-heading-title elementor-size-default\">Actas de Comit\u00e9 de Transparencia<\/h3>\t\t<\/div>\n\t\t\t\t<\/div>\n\t\t\t\t\t<\/div>\n\t\t<\/div>\n\t\t\t\t<div class=\"elementor-column elementor-col-33 elementor-top-column elementor-element elementor-element-65c9c8d3\" data-id=\"65c9c8d3\" data-element_type=\"column\">\n\t\t\t<div class=\"elementor-widget-wrap elementor-element-populated\">\n\t\t\t\t\t\t<div class=\"elementor-element elementor-element-70023355 ekit-equal-height-disable elementor-widget elementor-widget-elementskit-icon-box\" data-id=\"70023355\" data-element_type=\"widget\" data-widget_type=\"elementskit-icon-box.default\">\n\t\t\t\t<div class=\"elementor-widget-container\">\n\t\t\t<div class=\"ekit-wid-con\" >        <!-- link opening -->\n                <a href=\"https:\/\/utrivieramaya.edu.mx\/wp-content\/uploads\/2021\/01\/Acta-de-instalacion-del-comite.pdf\" target=\"_blank\" class=\"ekit_global_links\">\n                <!-- end link opening -->\n\n        <div class=\"elementskit-infobox text-left text-left icon-lef-right-aligin elementor-animation- media  \">\n                    <div class=\"elementskit-box-header elementor-animation-\">\n                <div class=\"elementskit-info-box-icon  text-center\">\n                    <i aria-hidden=\"true\" class=\"elementkit-infobox-icon far fa-file-alt\"><\/i>\n                <\/div>\n          <\/div>\n                        <div class=\"box-body\">\n                        \t\t  <p>Acta de Instalaci\u00f3n del Comit\u00e9 de Transparencia de la Universidad Tecnol\u00f3gica de la Riviera Maya<\/p>\n                                <\/div>\n        \n        \n                <\/div>\n                <\/a>\n        <\/div>\t\t<\/div>\n\t\t\t\t<\/div>\n\t\t\t\t<div class=\"elementor-element elementor-element-8c02d1e ekit-equal-height-disable elementor-widget elementor-widget-elementskit-icon-box\" data-id=\"8c02d1e\" data-element_type=\"widget\" data-widget_type=\"elementskit-icon-box.default\">\n\t\t\t\t<div class=\"elementor-widget-container\">\n\t\t\t<div class=\"ekit-wid-con\" >        <!-- link opening -->\n                <a href=\"https:\/\/utrivieramaya.edu.mx\/wp-content\/uploads\/2021\/01\/Acta-del-Comite-de-Transparencia-de-la-Universidad-Tecnologica-de-la-Riviera-Maya-30-junio-2017.pdf\" target=\"_blank\" class=\"ekit_global_links\">\n                <!-- end link opening -->\n\n        <div class=\"elementskit-infobox text-left text-left icon-lef-right-aligin elementor-animation- media  \">\n                    <div class=\"elementskit-box-header elementor-animation-\">\n                <div class=\"elementskit-info-box-icon  text-center\">\n                    <i aria-hidden=\"true\" class=\"elementkit-infobox-icon far fa-file-alt\"><\/i>\n                <\/div>\n          <\/div>\n                        <div class=\"box-body\">\n                        \t\t  <p>Acta del Comit\u00e9 de Transparencia de la Universidad Tecnol\u00f3gica de la Riviera Maya 30 junio 2017<\/p>\n                                <\/div>\n        \n        \n                <\/div>\n                <\/a>\n        <\/div>\t\t<\/div>\n\t\t\t\t<\/div>\n\t\t\t\t<div class=\"elementor-element elementor-element-03e2bed ekit-equal-height-disable elementor-widget elementor-widget-elementskit-icon-box\" data-id=\"03e2bed\" data-element_type=\"widget\" data-widget_type=\"elementskit-icon-box.default\">\n\t\t\t\t<div class=\"elementor-widget-container\">\n\t\t\t<div class=\"ekit-wid-con\" >        <!-- link opening -->\n                <a href=\"https:\/\/utrivieramaya.edu.mx\/wp-content\/uploads\/2021\/01\/actas-de-comite-de-trasnparencia.pdf\" target=\"_blank\" class=\"ekit_global_links\">\n                <!-- end link opening -->\n\n        <div class=\"elementskit-infobox text-left text-left icon-lef-right-aligin elementor-animation- media  \">\n                    <div class=\"elementskit-box-header elementor-animation-\">\n                <div class=\"elementskit-info-box-icon  text-center\">\n                    <i aria-hidden=\"true\" class=\"elementkit-infobox-icon far fa-file-alt\"><\/i>\n                <\/div>\n          <\/div>\n                        <div class=\"box-body\">\n                        \t\t  <p>Acta del Comit\u00e9 de Transparencia de la universidad Tecnol\u00f3gica de la Riviera Maya 30 abril 2018<\/p>\n                                <\/div>\n        \n        \n                <\/div>\n                <\/a>\n        <\/div>\t\t<\/div>\n\t\t\t\t<\/div>\n\t\t\t\t<div class=\"elementor-element elementor-element-9e3e808 ekit-equal-height-disable elementor-widget elementor-widget-elementskit-icon-box\" data-id=\"9e3e808\" data-element_type=\"widget\" data-widget_type=\"elementskit-icon-box.default\">\n\t\t\t\t<div class=\"elementor-widget-container\">\n\t\t\t<div class=\"ekit-wid-con\" >        <!-- link opening -->\n                <a href=\"https:\/\/utrivieramaya.edu.mx\/wp-content\/uploads\/2024\/01\/Acta-de-la-2da-sesion-ordinaria-del-Comite-de-transparencia-2023-1.pdf\" target=\"_blank\" class=\"ekit_global_links\">\n                <!-- end link opening -->\n\n        <div class=\"elementskit-infobox text-left text-left icon-lef-right-aligin elementor-animation- media  \">\n                    <div class=\"elementskit-box-header elementor-animation-\">\n                <div class=\"elementskit-info-box-icon  text-center\">\n                    <i aria-hidden=\"true\" class=\"elementkit-infobox-icon far fa-file-alt\"><\/i>\n                <\/div>\n          <\/div>\n                        <div class=\"box-body\">\n                        \t\t  <p>Acta de la 2da sesi\u00f3n ordinaria del Comit\u00e9 de transparencia 2023.<\/p>\n                                <\/div>\n        \n        \n                <\/div>\n                <\/a>\n        <\/div>\t\t<\/div>\n\t\t\t\t<\/div>\n\t\t\t\t\t<\/div>\n\t\t<\/div>\n\t\t\t\t<div class=\"elementor-column elementor-col-33 elementor-top-column elementor-element elementor-element-43e04d09\" data-id=\"43e04d09\" data-element_type=\"column\">\n\t\t\t<div class=\"elementor-widget-wrap elementor-element-populated\">\n\t\t\t\t\t\t<div class=\"elementor-element elementor-element-3521860 ekit-equal-height-disable elementor-widget elementor-widget-elementskit-icon-box\" data-id=\"3521860\" data-element_type=\"widget\" data-widget_type=\"elementskit-icon-box.default\">\n\t\t\t\t<div class=\"elementor-widget-container\">\n\t\t\t<div class=\"ekit-wid-con\" >        <!-- link opening -->\n                <a href=\"http:\/\/transparencia.utrivieramaya.edu.mx\/wp-content\/uploads\/2017\/10\/Acta-de-comite-de-transparencia-4-septiembre-2017.pdf\" target=\"_blank\" class=\"ekit_global_links\">\n                <!-- end link opening -->\n\n        <div class=\"elementskit-infobox text-left text-left icon-lef-right-aligin elementor-animation- media  \">\n                    <div class=\"elementskit-box-header elementor-animation-\">\n                <div class=\"elementskit-info-box-icon  text-center\">\n                    <i aria-hidden=\"true\" class=\"elementkit-infobox-icon far fa-file-alt\"><\/i>\n                <\/div>\n          <\/div>\n                        <div class=\"box-body\">\n                        \t\t  <p>Acta del Comit\u00e9 de Transparencia de la Universidad Tecnol\u00f3gica de la Riviera Maya 4 septiembre 2017<\/p>\n                                <\/div>\n        \n        \n                <\/div>\n                <\/a>\n        <\/div>\t\t<\/div>\n\t\t\t\t<\/div>\n\t\t\t\t<div class=\"elementor-element elementor-element-24f2966 ekit-equal-height-disable elementor-widget elementor-widget-elementskit-icon-box\" data-id=\"24f2966\" data-element_type=\"widget\" data-widget_type=\"elementskit-icon-box.default\">\n\t\t\t\t<div class=\"elementor-widget-container\">\n\t\t\t<div class=\"ekit-wid-con\" >        <!-- link opening -->\n                <a href=\"https:\/\/utrivieramaya.edu.mx\/wp-content\/uploads\/2021\/01\/Acta-del-Comite-de-Transparencia-de-la-Universidad-Tecnologica-de-la-Riviera-Maya-29-marzo-2017.pdf\" target=\"_blank\" class=\"ekit_global_links\">\n                <!-- end link opening -->\n\n        <div class=\"elementskit-infobox text-left text-left icon-lef-right-aligin elementor-animation- media  \">\n                    <div class=\"elementskit-box-header elementor-animation-\">\n                <div class=\"elementskit-info-box-icon  text-center\">\n                    <i aria-hidden=\"true\" class=\"elementkit-infobox-icon far fa-file-alt\"><\/i>\n                <\/div>\n          <\/div>\n                        <div class=\"box-body\">\n                        \t\t  <p>Acta del Comit\u00e9 de Transparencia de la Universidad Tecnol\u00f3gica de la Riviera Maya 29 marzo 2017<\/p>\n                                <\/div>\n        \n        \n                <\/div>\n                <\/a>\n        <\/div>\t\t<\/div>\n\t\t\t\t<\/div>\n\t\t\t\t<div class=\"elementor-element elementor-element-a60fd15 ekit-equal-height-disable elementor-widget elementor-widget-elementskit-icon-box\" data-id=\"a60fd15\" data-element_type=\"widget\" data-widget_type=\"elementskit-icon-box.default\">\n\t\t\t\t<div class=\"elementor-widget-container\">\n\t\t\t<div class=\"ekit-wid-con\" >        <!-- link opening -->\n                <a href=\"https:\/\/utrivieramaya.edu.mx\/wp-content\/uploads\/2024\/01\/1RA-SESION-ORDINARIA-DEL-COMITE-DE-TRANSPARENCIA-1.pdf\" target=\"_blank\" class=\"ekit_global_links\">\n                <!-- end link opening -->\n\n        <div class=\"elementskit-infobox text-left text-left icon-lef-right-aligin elementor-animation- media  \">\n                    <div class=\"elementskit-box-header elementor-animation-\">\n                <div class=\"elementskit-info-box-icon  text-center\">\n                    <i aria-hidden=\"true\" class=\"elementkit-infobox-icon far fa-file-alt\"><\/i>\n                <\/div>\n          <\/div>\n                        <div class=\"box-body\">\n                        \t\t  <p>Sesi\u00f3n Ordinaria del Comit\u00e9 de Transparencia y Acceso a la Informaci\u00f3n P\u00fablica de la Universidad Tecnol\u00f3gica de la Riviera Maya correspondiente al periodo 2023<\/p>\n                                <\/div>\n        \n        \n                <\/div>\n                <\/a>\n        <\/div>\t\t<\/div>\n\t\t\t\t<\/div>\n\t\t\t\t<div class=\"elementor-element elementor-element-04235b2 ekit-equal-height-disable elementor-widget elementor-widget-elementskit-icon-box\" data-id=\"04235b2\" data-element_type=\"widget\" data-widget_type=\"elementskit-icon-box.default\">\n\t\t\t\t<div class=\"elementor-widget-container\">\n\t\t\t<div class=\"ekit-wid-con\" >        <!-- link opening -->\n                <a href=\"https:\/\/utrivieramaya.edu.mx\/wp-content\/uploads\/2024\/02\/ACTA-DE-LA-1RA-SESION-ORDINARIA-2024-COMITE-DE-TRANSPARENCIA.pdf\" target=\"_blank\" class=\"ekit_global_links\">\n                <!-- end link opening -->\n\n        <div class=\"elementskit-infobox text-left text-left icon-lef-right-aligin elementor-animation- media  \">\n                    <div class=\"elementskit-box-header elementor-animation-\">\n                <div class=\"elementskit-info-box-icon  text-center\">\n                    <i aria-hidden=\"true\" class=\"elementkit-infobox-icon far fa-file-alt\"><\/i>\n                <\/div>\n          <\/div>\n                        <div class=\"box-body\">\n                        \t\t  <p>Acta de la 1ra Sesi\u00f3n Ordinaria del Comit\u00e9 de Transparencia y Acceso a la Informaci\u00f3n P\u00fablica de la Universidad Tecnol\u00f3gica de la Riviera Maya para el periodo 2024.<\/p>\n                                <\/div>\n        \n        \n                <\/div>\n                <\/a>\n        <\/div>\t\t<\/div>\n\t\t\t\t<\/div>\n\t\t\t\t\t<\/div>\n\t\t<\/div>\n\t\t\t\t\t<\/div>\n\t\t<\/section>\n\t\t\t\t<\/div>\n\t\t","protected":false},"excerpt":{"rendered":"<p>Actas de Comit\u00e9 de Transparencia Acta de Instalaci\u00f3n del Comit\u00e9 de Transparencia de la Universidad Tecnol\u00f3gica de la Riviera Maya Acta del Comit\u00e9 de Transparencia de la Universidad Tecnol\u00f3gica de la Riviera Maya 30 junio 2017 Acta del Comit\u00e9 de Transparencia de la universidad Tecnol\u00f3gica de la Riviera Maya 30 abril 2018 Acta de la &hellip; <\/p>\n<p class=\"link-more\"><a href=\"https:\/\/oldsite.utrivieramaya.edu.mx\/index.php\/actas-de-comite-de-transparencia\/\" class=\"more-link\">Seguir leyendo<span class=\"screen-reader-text\"> \u00abActas de comit\u00e9 de transparencia\u00bb<\/span><\/a><\/p>\n","protected":false},"author":8,"featured_media":0,"parent":0,"menu_order":0,"comment_status":"closed","ping_status":"closed","template":"elementor_header_footer","meta":{"_eb_attr":"","footnotes":""},"campus":[],"class_list":["post-229","page","type-page","status-publish","hentry","entry"],"_links":{"self":[{"href":"https:\/\/oldsite.utrivieramaya.edu.mx\/index.php\/wp-json\/wp\/v2\/pages\/229","targetHints":{"allow":["GET"]}}],"collection":[{"href":"https:\/\/oldsite.utrivieramaya.edu.mx\/index.php\/wp-json\/wp\/v2\/pages"}],"about":[{"href":"https:\/\/oldsite.utrivieramaya.edu.mx\/index.php\/wp-json\/wp\/v2\/types\/page"}],"author":[{"embeddable":true,"href":"https:\/\/oldsite.utrivieramaya.edu.mx\/index.php\/wp-json\/wp\/v2\/users\/8"}],"replies":[{"embeddable":true,"href":"https:\/\/oldsite.utrivieramaya.edu.mx\/index.php\/wp-json\/wp\/v2\/comments?post=229"}],"version-history":[{"count":51,"href":"https:\/\/oldsite.utrivieramaya.edu.mx\/index.php\/wp-json\/wp\/v2\/pages\/229\/revisions"}],"predecessor-version":[{"id":20454,"href":"https:\/\/oldsite.utrivieramaya.edu.mx\/index.php\/wp-json\/wp\/v2\/pages\/229\/revisions\/20454"}],"wp:attachment":[{"href":"https:\/\/oldsite.utrivieramaya.edu.mx\/index.php\/wp-json\/wp\/v2\/media?parent=229"}],"wp:term":[{"taxonomy":"campus","embeddable":true,"href":"https:\/\/oldsite.utrivieramaya.edu.mx\/index.php\/wp-json\/wp\/v2\/campus?post=229"}],"curies":[{"name":"wp","href":"https:\/\/api.w.org\/{rel}","templated":true}]}}