{"id":4980,"date":"2021-01-06T19:05:15","date_gmt":"2021-01-06T19:05:15","guid":{"rendered":"https:\/\/utrivieramaya.edu.mx\/?page_id=4980"},"modified":"2024-05-24T19:02:03","modified_gmt":"2024-05-24T19:02:03","slug":"licenciaturas-e-ingenierias-en-espanol","status":"publish","type":"page","link":"https:\/\/oldsite.utrivieramaya.edu.mx\/index.php\/licenciaturas-e-ingenierias-en-espanol\/","title":{"rendered":"Licenciaturas e Ingenier\u00edas en Espa\u00f1ol"},"content":{"rendered":"\t\t<div data-elementor-type=\"wp-page\" data-elementor-id=\"4980\" class=\"elementor elementor-4980\" data-elementor-post-type=\"page\">\n\t\t\t\t\t\t<section class=\"elementor-section elementor-top-section elementor-element elementor-element-6ed162a5 elementor-section-content-middle elementor-section-boxed elementor-section-height-default elementor-section-height-default\" data-id=\"6ed162a5\" data-element_type=\"section\" data-settings=\"{&quot;background_background&quot;:&quot;classic&quot;}\">\n\t\t\t\t\t\t\t<div class=\"elementor-background-overlay\"><\/div>\n\t\t\t\t\t\t\t<div class=\"elementor-container elementor-column-gap-default\">\n\t\t\t\t\t<div class=\"elementor-column elementor-col-50 elementor-top-column elementor-element elementor-element-646ed8e7\" data-id=\"646ed8e7\" data-element_type=\"column\" data-settings=\"{&quot;background_background&quot;:&quot;classic&quot;}\">\n\t\t\t<div class=\"elementor-widget-wrap elementor-element-populated\">\n\t\t\t\t\t\t<div class=\"elementor-element elementor-element-728c8fcb elementor-widget elementor-widget-heading\" data-id=\"728c8fcb\" data-element_type=\"widget\" data-widget_type=\"heading.default\">\n\t\t\t\t<div class=\"elementor-widget-container\">\n\t\t\t<h3 class=\"elementor-heading-title elementor-size-default\">Licenciaturas e Ingenier\u00edas en Idioma Espa\u00f1ol<\/h3>\t\t<\/div>\n\t\t\t\t<\/div>\n\t\t\t\t<div class=\"elementor-element elementor-element-717f95d elementor-invisible elementor-widget elementor-widget-heading\" data-id=\"717f95d\" data-element_type=\"widget\" data-settings=\"{&quot;_animation&quot;:&quot;fadeInUp&quot;,&quot;_animation_delay&quot;:900}\" data-widget_type=\"heading.default\">\n\t\t\t\t<div class=\"elementor-widget-container\">\n\t\t\t<h3 class=\"elementor-heading-title elementor-size-default\">El alumno cursar\u00e1 la Licenciatura o Ingenier\u00eda los Cuatrimestres del 7 al 11. <\/h3>\t\t<\/div>\n\t\t\t\t<\/div>\n\t\t\t\t\t<\/div>\n\t\t<\/div>\n\t\t\t\t<div class=\"elementor-column elementor-col-50 elementor-top-column elementor-element elementor-element-28999a61\" data-id=\"28999a61\" data-element_type=\"column\" data-settings=\"{&quot;background_background&quot;:&quot;classic&quot;}\">\n\t\t\t<div class=\"elementor-widget-wrap elementor-element-populated\">\n\t\t\t\t\t\t<div class=\"elementor-element elementor-element-2fa4f2a8 elementor-widget elementor-widget-image\" data-id=\"2fa4f2a8\" data-element_type=\"widget\" data-widget_type=\"image.default\">\n\t\t\t\t<div class=\"elementor-widget-container\">\n\t\t\t\t\t\t\t\t\t\t\t\t\t<img decoding=\"async\" src=\"https:\/\/oldsite.utrivieramaya.edu.mx\/wp-content\/uploads\/elementor\/thumbs\/colledge-student-p75wfmqdx1gdp9n6ly714pv3rgn6xv3n2k54jyojok.jpg\" alt=\"Colledge student\" \/>\t\t\t\t\t\t\t\t\t\t\t\t\t<\/div>\n\t\t\t\t<\/div>\n\t\t\t\t\t<\/div>\n\t\t<\/div>\n\t\t\t\t\t<\/div>\n\t\t<\/section>\n\t\t\t\t<section class=\"elementor-section elementor-top-section elementor-element elementor-element-52daedb elementor-section-boxed elementor-section-height-default elementor-section-height-default\" data-id=\"52daedb\" data-element_type=\"section\" data-settings=\"{&quot;background_background&quot;:&quot;classic&quot;}\">\n\t\t\t\t\t\t\t<div class=\"elementor-background-overlay\"><\/div>\n\t\t\t\t\t\t\t<div class=\"elementor-container elementor-column-gap-default\">\n\t\t\t\t\t<div class=\"elementor-column elementor-col-100 elementor-top-column elementor-element elementor-element-1aeaa28\" data-id=\"1aeaa28\" data-element_type=\"column\">\n\t\t\t<div class=\"elementor-widget-wrap\">\n\t\t\t\t\t\t\t<\/div>\n\t\t<\/div>\n\t\t\t\t\t<\/div>\n\t\t<\/section>\n\t\t\t\t<section class=\"elementor-section elementor-top-section elementor-element elementor-element-70448138 elementor-section-boxed elementor-section-height-default elementor-section-height-default\" data-id=\"70448138\" data-element_type=\"section\" data-settings=\"{&quot;background_background&quot;:&quot;classic&quot;}\">\n\t\t\t\t\t\t\t<div class=\"elementor-background-overlay\"><\/div>\n\t\t\t\t\t\t\t<div class=\"elementor-container elementor-column-gap-default\">\n\t\t\t\t\t<div class=\"elementor-column elementor-col-100 elementor-top-column elementor-element elementor-element-31e0d27f\" data-id=\"31e0d27f\" data-element_type=\"column\">\n\t\t\t<div class=\"elementor-widget-wrap elementor-element-populated\">\n\t\t\t\t\t\t<section class=\"elementor-section elementor-inner-section elementor-element elementor-element-66eec61 elementor-section-boxed elementor-section-height-default elementor-section-height-default\" data-id=\"66eec61\" data-element_type=\"section\">\n\t\t\t\t\t\t<div class=\"elementor-container elementor-column-gap-default\">\n\t\t\t\t\t<div class=\"elementor-column elementor-col-33 elementor-inner-column elementor-element elementor-element-7b00d577\" data-id=\"7b00d577\" data-element_type=\"column\">\n\t\t\t<div class=\"elementor-widget-wrap elementor-element-populated\">\n\t\t\t\t\t\t<div class=\"elementor-element elementor-element-975a5da ekit-equal-height-disable elementor-widget elementor-widget-elementskit-image-box\" data-id=\"975a5da\" data-element_type=\"widget\" data-widget_type=\"elementskit-image-box.default\">\n\t\t\t\t<div class=\"elementor-widget-container\">\n\t\t\t<div class=\"ekit-wid-con\" >\n            <div class=\"elementskit-info-image-box ekit-image-box text-center style-modern\" >\n\n                \n                <div class=\"elementskit-box-header image-box-img-center\">\n\n                    <img fetchpriority=\"high\" decoding=\"async\" width=\"2000\" height=\"1360\" src=\"https:\/\/oldsite.utrivieramaya.edu.mx\/wp-content\/uploads\/2021\/01\/plumber-looking-for-issue.jpg\" class=\"attachment-full size-full wp-image-10499\" alt=\"Plumber Looking For Issue\" srcset=\"https:\/\/oldsite.utrivieramaya.edu.mx\/wp-content\/uploads\/2021\/01\/plumber-looking-for-issue.jpg 2000w, https:\/\/oldsite.utrivieramaya.edu.mx\/wp-content\/uploads\/2021\/01\/plumber-looking-for-issue-300x204.jpg 300w, https:\/\/oldsite.utrivieramaya.edu.mx\/wp-content\/uploads\/2021\/01\/plumber-looking-for-issue-1024x696.jpg 1024w, https:\/\/oldsite.utrivieramaya.edu.mx\/wp-content\/uploads\/2021\/01\/plumber-looking-for-issue-768x522.jpg 768w, https:\/\/oldsite.utrivieramaya.edu.mx\/wp-content\/uploads\/2021\/01\/plumber-looking-for-issue-1536x1044.jpg 1536w, https:\/\/oldsite.utrivieramaya.edu.mx\/wp-content\/uploads\/2021\/01\/plumber-looking-for-issue-1568x1066.jpg 1568w, https:\/\/oldsite.utrivieramaya.edu.mx\/wp-content\/uploads\/2021\/01\/plumber-looking-for-issue-750x510.jpg 750w, https:\/\/oldsite.utrivieramaya.edu.mx\/wp-content\/uploads\/2021\/01\/plumber-looking-for-issue-1140x775.jpg 1140w\" sizes=\"(max-width: 34.9rem) calc(100vw - 2rem), (max-width: 53rem) calc(8 * (100vw \/ 12)), (min-width: 53rem) calc(6 * (100vw \/ 12)), 100vw\" \/>\n                <\/div>\n                \n                <div class=\"elementskit-box-body ekit-image-box-body\">\n                    <div class=\"elementskit-box-content ekit-image-box-body-inner\">\n                                                <h3 class=\"elementskit-info-box-title\">\n\n                        Ing. en Mantenimiento\n                        \n                    <\/h3>\n                                                        <\/div>\n\n                                <div class=\"elementskit-box-footer\">\n                    <div class=\"box-footer\">\n                        <div class=\"btn-wraper\">\n                                                            <a href=\"https:\/\/utrivieramaya.edu.mx\/index.php\/ingenieria-en-mantenimiento-industrial\/\" class=\"elementskit-btn whitespace--normal\">\n                                    Conoce m\u00e1s \n                                    <i aria-hidden=\"true\" class=\"icon icon-right-arrow1\"><\/i>\n                                <\/a>\n                                                        <\/div>\n                    <\/div>\n                <\/div>\n                            <\/div>\n            <\/div>\n    <\/div>\t\t<\/div>\n\t\t\t\t<\/div>\n\t\t\t\t\t<\/div>\n\t\t<\/div>\n\t\t\t\t<div class=\"elementor-column elementor-col-33 elementor-inner-column elementor-element elementor-element-fb96a1b\" data-id=\"fb96a1b\" data-element_type=\"column\">\n\t\t\t<div class=\"elementor-widget-wrap elementor-element-populated\">\n\t\t\t\t\t\t<div class=\"elementor-element elementor-element-91b375e ekit-equal-height-disable elementor-widget elementor-widget-elementskit-image-box\" data-id=\"91b375e\" data-element_type=\"widget\" data-widget_type=\"elementskit-image-box.default\">\n\t\t\t\t<div class=\"elementor-widget-container\">\n\t\t\t<div class=\"ekit-wid-con\" >\n            <div class=\"elementskit-info-image-box ekit-image-box text-center style-modern\" >\n\n                \n                <div class=\"elementskit-box-header image-box-img-center\">\n\n                    <img decoding=\"async\" width=\"2000\" height=\"1333\" src=\"https:\/\/oldsite.utrivieramaya.edu.mx\/wp-content\/uploads\/2021\/01\/it-developers-office-background.jpg\" class=\"attachment-full size-full wp-image-7610\" alt=\"IT Developers Office Background\" srcset=\"https:\/\/oldsite.utrivieramaya.edu.mx\/wp-content\/uploads\/2021\/01\/it-developers-office-background.jpg 2000w, https:\/\/oldsite.utrivieramaya.edu.mx\/wp-content\/uploads\/2021\/01\/it-developers-office-background-300x200.jpg 300w, https:\/\/oldsite.utrivieramaya.edu.mx\/wp-content\/uploads\/2021\/01\/it-developers-office-background-1024x682.jpg 1024w, https:\/\/oldsite.utrivieramaya.edu.mx\/wp-content\/uploads\/2021\/01\/it-developers-office-background-768x512.jpg 768w, https:\/\/oldsite.utrivieramaya.edu.mx\/wp-content\/uploads\/2021\/01\/it-developers-office-background-1536x1024.jpg 1536w, https:\/\/oldsite.utrivieramaya.edu.mx\/wp-content\/uploads\/2021\/01\/it-developers-office-background-1568x1045.jpg 1568w, https:\/\/oldsite.utrivieramaya.edu.mx\/wp-content\/uploads\/2021\/01\/it-developers-office-background-450x300.jpg 450w, https:\/\/oldsite.utrivieramaya.edu.mx\/wp-content\/uploads\/2021\/01\/it-developers-office-background-750x500.jpg 750w, https:\/\/oldsite.utrivieramaya.edu.mx\/wp-content\/uploads\/2021\/01\/it-developers-office-background-1140x760.jpg 1140w\" sizes=\"(max-width: 34.9rem) calc(100vw - 2rem), (max-width: 53rem) calc(8 * (100vw \/ 12)), (min-width: 53rem) calc(6 * (100vw \/ 12)), 100vw\" \/>\n                <\/div>\n                \n                <div class=\"elementskit-box-body ekit-image-box-body\">\n                    <div class=\"elementskit-box-content ekit-image-box-body-inner\">\n                                                <h3 class=\"elementskit-info-box-title\">\n\n                        Ing. en Entornos Virtuales y Negocios Digitales\n                        \n                    <\/h3>\n                                                        <\/div>\n\n                                <div class=\"elementskit-box-footer\">\n                    <div class=\"box-footer\">\n                        <div class=\"btn-wraper\">\n                                                            <a href=\"https:\/\/utrivieramaya.edu.mx\/index.php\/ingenieria-en-entornos-virtuales-y-negocios-digitales\/\" class=\"elementskit-btn whitespace--normal\">\n                                    Conoce m\u00e1s \n                                    <i aria-hidden=\"true\" class=\"icon icon-right-arrow1\"><\/i>\n                                <\/a>\n                                                        <\/div>\n                    <\/div>\n                <\/div>\n                            <\/div>\n            <\/div>\n    <\/div>\t\t<\/div>\n\t\t\t\t<\/div>\n\t\t\t\t\t<\/div>\n\t\t<\/div>\n\t\t\t\t<div class=\"elementor-column elementor-col-33 elementor-inner-column elementor-element elementor-element-46f4f3f2\" data-id=\"46f4f3f2\" data-element_type=\"column\">\n\t\t\t<div class=\"elementor-widget-wrap elementor-element-populated\">\n\t\t\t\t\t\t<div class=\"elementor-element elementor-element-1af324e ekit-equal-height-disable elementor-widget elementor-widget-elementskit-image-box\" data-id=\"1af324e\" data-element_type=\"widget\" data-widget_type=\"elementskit-image-box.default\">\n\t\t\t\t<div class=\"elementor-widget-container\">\n\t\t\t<div class=\"ekit-wid-con\" >\n            <div class=\"elementskit-info-image-box ekit-image-box text-center style-modern\" >\n\n                \n                <div class=\"elementskit-box-header image-box-img-center\">\n\n                    <img decoding=\"async\" width=\"2000\" height=\"1333\" src=\"https:\/\/oldsite.utrivieramaya.edu.mx\/wp-content\/uploads\/2021\/01\/meeting-of-young-managers.jpg\" class=\"attachment-full size-full wp-image-10500\" alt=\"Meeting of young managers\" srcset=\"https:\/\/oldsite.utrivieramaya.edu.mx\/wp-content\/uploads\/2021\/01\/meeting-of-young-managers.jpg 2000w, https:\/\/oldsite.utrivieramaya.edu.mx\/wp-content\/uploads\/2021\/01\/meeting-of-young-managers-300x200.jpg 300w, https:\/\/oldsite.utrivieramaya.edu.mx\/wp-content\/uploads\/2021\/01\/meeting-of-young-managers-1024x682.jpg 1024w, https:\/\/oldsite.utrivieramaya.edu.mx\/wp-content\/uploads\/2021\/01\/meeting-of-young-managers-768x512.jpg 768w, https:\/\/oldsite.utrivieramaya.edu.mx\/wp-content\/uploads\/2021\/01\/meeting-of-young-managers-1536x1024.jpg 1536w, https:\/\/oldsite.utrivieramaya.edu.mx\/wp-content\/uploads\/2021\/01\/meeting-of-young-managers-1568x1045.jpg 1568w, https:\/\/oldsite.utrivieramaya.edu.mx\/wp-content\/uploads\/2021\/01\/meeting-of-young-managers-750x500.jpg 750w, https:\/\/oldsite.utrivieramaya.edu.mx\/wp-content\/uploads\/2021\/01\/meeting-of-young-managers-1140x760.jpg 1140w\" sizes=\"(max-width: 34.9rem) calc(100vw - 2rem), (max-width: 53rem) calc(8 * (100vw \/ 12)), (min-width: 53rem) calc(6 * (100vw \/ 12)), 100vw\" \/>\n                <\/div>\n                \n                <div class=\"elementskit-box-body ekit-image-box-body\">\n                    <div class=\"elementskit-box-content ekit-image-box-body-inner\">\n                                                <h3 class=\"elementskit-info-box-title\">\n\n                        Lic. en Gesti\u00f3n del Capital Humano\n                        \n                    <\/h3>\n                                                        <\/div>\n\n                                <div class=\"elementskit-box-footer\">\n                    <div class=\"box-footer\">\n                        <div class=\"btn-wraper\">\n                                                            <a href=\"https:\/\/utrivieramaya.edu.mx\/index.php\/licenciatura-en-gestion-del-capital-humano\/\" class=\"elementskit-btn whitespace--normal\">\n                                    Conoce m\u00e1s \n                                    <i aria-hidden=\"true\" class=\"icon icon-right-arrow1\"><\/i>\n                                <\/a>\n                                                        <\/div>\n                    <\/div>\n                <\/div>\n                            <\/div>\n            <\/div>\n    <\/div>\t\t<\/div>\n\t\t\t\t<\/div>\n\t\t\t\t\t<\/div>\n\t\t<\/div>\n\t\t\t\t\t<\/div>\n\t\t<\/section>\n\t\t\t\t<section class=\"elementor-section elementor-inner-section elementor-element elementor-element-3c7c5f2 elementor-section-boxed elementor-section-height-default elementor-section-height-default\" data-id=\"3c7c5f2\" data-element_type=\"section\">\n\t\t\t\t\t\t<div class=\"elementor-container elementor-column-gap-default\">\n\t\t\t\t\t<div class=\"elementor-column elementor-col-100 elementor-inner-column elementor-element elementor-element-4781d7a elementor-hidden-tablet elementor-hidden-phone\" data-id=\"4781d7a\" data-element_type=\"column\">\n\t\t\t<div class=\"elementor-widget-wrap elementor-element-populated\">\n\t\t\t\t\t\t<div class=\"elementor-element elementor-element-b6c8a69 elementor-widget elementor-widget-spacer\" data-id=\"b6c8a69\" data-element_type=\"widget\" data-widget_type=\"spacer.default\">\n\t\t\t\t<div class=\"elementor-widget-container\">\n\t\t\t\t\t<div class=\"elementor-spacer\">\n\t\t\t<div class=\"elementor-spacer-inner\"><\/div>\n\t\t<\/div>\n\t\t\t\t<\/div>\n\t\t\t\t<\/div>\n\t\t\t\t\t<\/div>\n\t\t<\/div>\n\t\t\t\t<div class=\"elementor-column elementor-col-33 elementor-inner-column elementor-element elementor-element-501a49d\" data-id=\"501a49d\" data-element_type=\"column\">\n\t\t\t<div class=\"elementor-widget-wrap\">\n\t\t\t\t\t\t\t<\/div>\n\t\t<\/div>\n\t\t\t\t<div class=\"elementor-column elementor-col-33 elementor-inner-column elementor-element elementor-element-e2b001c\" data-id=\"e2b001c\" data-element_type=\"column\">\n\t\t\t<div class=\"elementor-widget-wrap elementor-element-populated\">\n\t\t\t\t\t\t<div class=\"elementor-element elementor-element-a4dbe02 ekit-equal-height-disable elementor-widget elementor-widget-elementskit-image-box\" data-id=\"a4dbe02\" data-element_type=\"widget\" data-widget_type=\"elementskit-image-box.default\">\n\t\t\t\t<div class=\"elementor-widget-container\">\n\t\t\t<div class=\"ekit-wid-con\" >\n            <div class=\"elementskit-info-image-box ekit-image-box text-center style-modern\" >\n\n                \n                <div class=\"elementskit-box-header image-box-img-center\">\n\n                    <img loading=\"lazy\" decoding=\"async\" width=\"640\" height=\"429\" src=\"https:\/\/oldsite.utrivieramaya.edu.mx\/wp-content\/uploads\/2021\/01\/accountants-are-analyzing-data-from-the-graph-of-the-organization--1024x686.jpg\" class=\"attachment-large size-large wp-image-10636\" alt=\"Accountants are analyzing data from the graph of the organization.\" srcset=\"https:\/\/oldsite.utrivieramaya.edu.mx\/wp-content\/uploads\/2021\/01\/accountants-are-analyzing-data-from-the-graph-of-the-organization--1024x686.jpg 1024w, https:\/\/oldsite.utrivieramaya.edu.mx\/wp-content\/uploads\/2021\/01\/accountants-are-analyzing-data-from-the-graph-of-the-organization--300x201.jpg 300w, https:\/\/oldsite.utrivieramaya.edu.mx\/wp-content\/uploads\/2021\/01\/accountants-are-analyzing-data-from-the-graph-of-the-organization--768x515.jpg 768w, https:\/\/oldsite.utrivieramaya.edu.mx\/wp-content\/uploads\/2021\/01\/accountants-are-analyzing-data-from-the-graph-of-the-organization--1536x1029.jpg 1536w, https:\/\/oldsite.utrivieramaya.edu.mx\/wp-content\/uploads\/2021\/01\/accountants-are-analyzing-data-from-the-graph-of-the-organization--1568x1051.jpg 1568w, https:\/\/oldsite.utrivieramaya.edu.mx\/wp-content\/uploads\/2021\/01\/accountants-are-analyzing-data-from-the-graph-of-the-organization--750x503.jpg 750w, https:\/\/oldsite.utrivieramaya.edu.mx\/wp-content\/uploads\/2021\/01\/accountants-are-analyzing-data-from-the-graph-of-the-organization--1140x764.jpg 1140w, https:\/\/oldsite.utrivieramaya.edu.mx\/wp-content\/uploads\/2021\/01\/accountants-are-analyzing-data-from-the-graph-of-the-organization-.jpg 2000w\" sizes=\"(max-width: 34.9rem) calc(100vw - 2rem), (max-width: 53rem) calc(8 * (100vw \/ 12)), (min-width: 53rem) calc(6 * (100vw \/ 12)), 100vw\" \/>\n                <\/div>\n                \n                <div class=\"elementskit-box-body ekit-image-box-body\">\n                    <div class=\"elementskit-box-content ekit-image-box-body-inner\">\n                                                <h3 class=\"elementskit-info-box-title\">\n\n                         Licenciatura en Contadur\u00eda\n                        \n                    <\/h3>\n                                                        <\/div>\n\n                                <div class=\"elementskit-box-footer\">\n                    <div class=\"box-footer\">\n                        <div class=\"btn-wraper\">\n                                                            <a href=\"https:\/\/oldsite.utrivieramaya.edu.mx\/index.php\/licenciatura-en-contaduria\/\" class=\"elementskit-btn whitespace--normal\">\n                                    Conoce m\u00e1s \n                                    <i aria-hidden=\"true\" class=\"icon icon-right-arrow1\"><\/i>\n                                <\/a>\n                                                        <\/div>\n                    <\/div>\n                <\/div>\n                            <\/div>\n            <\/div>\n    <\/div>\t\t<\/div>\n\t\t\t\t<\/div>\n\t\t\t\t\t<\/div>\n\t\t<\/div>\n\t\t\t\t<div class=\"elementor-column elementor-col-33 elementor-inner-column elementor-element elementor-element-93c745a\" data-id=\"93c745a\" data-element_type=\"column\">\n\t\t\t<div class=\"elementor-widget-wrap elementor-element-populated\">\n\t\t\t\t\t\t<div class=\"elementor-element elementor-element-07f586d elementor-widget elementor-widget-spacer\" data-id=\"07f586d\" data-element_type=\"widget\" data-widget_type=\"spacer.default\">\n\t\t\t\t<div class=\"elementor-widget-container\">\n\t\t\t\t\t<div class=\"elementor-spacer\">\n\t\t\t<div class=\"elementor-spacer-inner\"><\/div>\n\t\t<\/div>\n\t\t\t\t<\/div>\n\t\t\t\t<\/div>\n\t\t\t\t\t<\/div>\n\t\t<\/div>\n\t\t\t\t\t<\/div>\n\t\t<\/section>\n\t\t\t\t<section class=\"elementor-section elementor-inner-section elementor-element elementor-element-565d5df elementor-section-boxed elementor-section-height-default elementor-section-height-default\" data-id=\"565d5df\" data-element_type=\"section\">\n\t\t\t\t\t\t<div class=\"elementor-container elementor-column-gap-default\">\n\t\t\t\t\t\t<\/div>\n\t\t<\/section>\n\t\t\t\t\t<\/div>\n\t\t<\/div>\n\t\t\t\t\t<\/div>\n\t\t<\/section>\n\t\t\t\t<\/div>\n\t\t","protected":false},"excerpt":{"rendered":"<p>Licenciaturas e Ingenier\u00edas en Idioma Espa\u00f1ol El alumno cursar\u00e1 la Licenciatura o Ingenier\u00eda los Cuatrimestres del 7 al 11. Ing. en Mantenimiento Conoce m\u00e1s Ing. en Entornos Virtuales y Negocios Digitales Conoce m\u00e1s Lic. en Gesti\u00f3n del Capital Humano Conoce m\u00e1s Licenciatura en Contadur\u00eda Conoce m\u00e1s Por el momento no se pueden descargar los planes &hellip; <\/p>\n<p class=\"link-more\"><a href=\"https:\/\/oldsite.utrivieramaya.edu.mx\/index.php\/licenciaturas-e-ingenierias-en-espanol\/\" class=\"more-link\">Seguir leyendo<span class=\"screen-reader-text\"> \u00abLicenciaturas e Ingenier\u00edas en Espa\u00f1ol\u00bb<\/span><\/a><\/p>\n","protected":false},"author":8,"featured_media":0,"parent":0,"menu_order":0,"comment_status":"closed","ping_status":"closed","template":"elementor_header_footer","meta":{"_eb_attr":"","footnotes":""},"campus":[],"class_list":["post-4980","page","type-page","status-publish","hentry","entry"],"_links":{"self":[{"href":"https:\/\/oldsite.utrivieramaya.edu.mx\/index.php\/wp-json\/wp\/v2\/pages\/4980","targetHints":{"allow":["GET"]}}],"collection":[{"href":"https:\/\/oldsite.utrivieramaya.edu.mx\/index.php\/wp-json\/wp\/v2\/pages"}],"about":[{"href":"https:\/\/oldsite.utrivieramaya.edu.mx\/index.php\/wp-json\/wp\/v2\/types\/page"}],"author":[{"embeddable":true,"href":"https:\/\/oldsite.utrivieramaya.edu.mx\/index.php\/wp-json\/wp\/v2\/users\/8"}],"replies":[{"embeddable":true,"href":"https:\/\/oldsite.utrivieramaya.edu.mx\/index.php\/wp-json\/wp\/v2\/comments?post=4980"}],"version-history":[{"count":85,"href":"https:\/\/oldsite.utrivieramaya.edu.mx\/index.php\/wp-json\/wp\/v2\/pages\/4980\/revisions"}],"predecessor-version":[{"id":20815,"href":"https:\/\/oldsite.utrivieramaya.edu.mx\/index.php\/wp-json\/wp\/v2\/pages\/4980\/revisions\/20815"}],"wp:attachment":[{"href":"https:\/\/oldsite.utrivieramaya.edu.mx\/index.php\/wp-json\/wp\/v2\/media?parent=4980"}],"wp:term":[{"taxonomy":"campus","embeddable":true,"href":"https:\/\/oldsite.utrivieramaya.edu.mx\/index.php\/wp-json\/wp\/v2\/campus?post=4980"}],"curies":[{"name":"wp","href":"https:\/\/api.w.org\/{rel}","templated":true}]}}