{"id":7963,"date":"2021-01-14T16:57:23","date_gmt":"2021-01-14T16:57:23","guid":{"rendered":"https:\/\/utrivieramayademo1.ozelot.it\/?page_id=120"},"modified":"2024-02-27T20:37:10","modified_gmt":"2024-02-27T20:37:10","slug":"articulo-92","status":"publish","type":"page","link":"https:\/\/oldsite.utrivieramaya.edu.mx\/index.php\/articulo-92\/","title":{"rendered":"Art\u00edculo 92"},"content":{"rendered":"\t\t<div data-elementor-type=\"wp-page\" data-elementor-id=\"7963\" class=\"elementor elementor-7963\" data-elementor-post-type=\"page\">\n\t\t\t\t\t\t<section class=\"elementor-section elementor-top-section elementor-element elementor-element-3493690b elementor-section-full_width elementor-section-content-top elementor-section-height-default elementor-section-height-default\" data-id=\"3493690b\" data-element_type=\"section\" data-settings=\"{&quot;background_background&quot;:&quot;classic&quot;}\">\n\t\t\t\t\t\t\t<div class=\"elementor-background-overlay\"><\/div>\n\t\t\t\t\t\t\t<div class=\"elementor-container elementor-column-gap-default\">\n\t\t\t\t\t<div class=\"elementor-column elementor-col-100 elementor-top-column elementor-element elementor-element-651a4fbe\" data-id=\"651a4fbe\" data-element_type=\"column\">\n\t\t\t<div class=\"elementor-widget-wrap elementor-element-populated\">\n\t\t\t\t\t\t<div class=\"elementor-element elementor-element-64bd2c82 elementor-widget elementor-widget-ekit-nav-menu\" data-id=\"64bd2c82\" data-element_type=\"widget\" data-widget_type=\"ekit-nav-menu.default\">\n\t\t\t\t<div class=\"elementor-widget-container\">\n\t\t\t<div class=\"ekit-wid-con ekit_menu_responsive_tablet\" data-hamburger-icon=\"\" data-hamburger-icon-type=\"icon\" data-responsive-breakpoint=\"1024\"><\/div>\t\t<\/div>\n\t\t\t\t<\/div>\n\t\t\t\t\t<\/div>\n\t\t<\/div>\n\t\t\t\t\t<\/div>\n\t\t<\/section>\n\t\t\t\t<section class=\"elementor-section elementor-top-section elementor-element elementor-element-1263a2eb elementor-section-content-middle elementor-reverse-tablet elementor-section-boxed elementor-section-height-default elementor-section-height-default\" data-id=\"1263a2eb\" data-element_type=\"section\">\n\t\t\t\t\t\t<div class=\"elementor-container elementor-column-gap-default\">\n\t\t\t\t\t<div class=\"elementor-column elementor-col-50 elementor-top-column elementor-element elementor-element-665af240 elementor-hidden-phone\" data-id=\"665af240\" data-element_type=\"column\">\n\t\t\t<div class=\"elementor-widget-wrap elementor-element-populated\">\n\t\t\t\t\t\t<div class=\"elementor-element elementor-element-7458d3fd elementor-widget elementor-widget-image\" data-id=\"7458d3fd\" data-element_type=\"widget\" data-widget_type=\"image.default\">\n\t\t\t\t<div class=\"elementor-widget-container\">\n\t\t\t\t\t\t\t\t\t\t\t\t\t<img fetchpriority=\"high\" decoding=\"async\" width=\"2000\" height=\"1335\" src=\"https:\/\/oldsite.utrivieramaya.edu.mx\/wp-content\/uploads\/2021\/01\/young-business-team-working-1.jpg\" class=\"attachment-full size-full wp-image-8393\" alt=\"Young business team working\" srcset=\"https:\/\/oldsite.utrivieramaya.edu.mx\/wp-content\/uploads\/2021\/01\/young-business-team-working-1.jpg 2000w, https:\/\/oldsite.utrivieramaya.edu.mx\/wp-content\/uploads\/2021\/01\/young-business-team-working-1-300x200.jpg 300w, https:\/\/oldsite.utrivieramaya.edu.mx\/wp-content\/uploads\/2021\/01\/young-business-team-working-1-1024x684.jpg 1024w, https:\/\/oldsite.utrivieramaya.edu.mx\/wp-content\/uploads\/2021\/01\/young-business-team-working-1-768x513.jpg 768w, https:\/\/oldsite.utrivieramaya.edu.mx\/wp-content\/uploads\/2021\/01\/young-business-team-working-1-1536x1025.jpg 1536w, https:\/\/oldsite.utrivieramaya.edu.mx\/wp-content\/uploads\/2021\/01\/young-business-team-working-1-1568x1047.jpg 1568w, https:\/\/oldsite.utrivieramaya.edu.mx\/wp-content\/uploads\/2021\/01\/young-business-team-working-1-450x300.jpg 450w, https:\/\/oldsite.utrivieramaya.edu.mx\/wp-content\/uploads\/2021\/01\/young-business-team-working-1-750x501.jpg 750w, https:\/\/oldsite.utrivieramaya.edu.mx\/wp-content\/uploads\/2021\/01\/young-business-team-working-1-1140x761.jpg 1140w\" sizes=\"(max-width: 34.9rem) calc(100vw - 2rem), (max-width: 53rem) calc(8 * (100vw \/ 12)), (min-width: 53rem) calc(6 * (100vw \/ 12)), 100vw\" \/>\t\t\t\t\t\t\t\t\t\t\t\t\t<\/div>\n\t\t\t\t<\/div>\n\t\t\t\t\t<\/div>\n\t\t<\/div>\n\t\t\t\t<div class=\"elementor-column elementor-col-50 elementor-top-column elementor-element elementor-element-21c69f58\" data-id=\"21c69f58\" data-element_type=\"column\">\n\t\t\t<div class=\"elementor-widget-wrap elementor-element-populated\">\n\t\t\t\t\t\t<div class=\"elementor-element elementor-element-12c9b1bf elementor-widget elementor-widget-heading\" data-id=\"12c9b1bf\" data-element_type=\"widget\" data-widget_type=\"heading.default\">\n\t\t\t\t<div class=\"elementor-widget-container\">\n\t\t\t<h3 class=\"elementor-heading-title elementor-size-default\">Art\u00edculo 92<\/h3>\t\t<\/div>\n\t\t\t\t<\/div>\n\t\t\t\t<div class=\"elementor-element elementor-element-e15a546 elementor-icon-list--layout-traditional elementor-list-item-link-full_width elementor-widget elementor-widget-icon-list\" data-id=\"e15a546\" data-element_type=\"widget\" data-widget_type=\"icon-list.default\">\n\t\t\t\t<div class=\"elementor-widget-container\">\n\t\t\t\t\t<ul class=\"elementor-icon-list-items\">\n\t\t\t\t\t\t\t<li class=\"elementor-icon-list-item\">\n\t\t\t\t\t\t\t\t\t\t\t<a href=\"https:\/\/utrivieramaya.edu.mx\/wp-content\/uploads\/2022\/09\/Tabla-de-aplicabilidad-2022-Anexo-arti\u0301culo-92.pdf\" target=\"_blank\">\n\n\t\t\t\t\t\t\t\t\t\t\t\t<span class=\"elementor-icon-list-icon\">\n\t\t\t\t\t\t\t<i aria-hidden=\"true\" class=\"fas fa-link\"><\/i>\t\t\t\t\t\t<\/span>\n\t\t\t\t\t\t\t\t\t\t<span class=\"elementor-icon-list-text\">Tabla de Aplicabilidad<\/span>\n\t\t\t\t\t\t\t\t\t\t\t<\/a>\n\t\t\t\t\t\t\t\t\t<\/li>\n\t\t\t\t\t\t\t\t<li class=\"elementor-icon-list-item\">\n\t\t\t\t\t\t\t\t\t\t\t<a href=\"https:\/\/utrivieramaya.edu.mx\/wp-content\/uploads\/2022\/09\/Tabla-de-actualizacio\u0301n-y-conservacio\u0301n-2022-Anexo-2-arti\u0301culo-92.pdf\" target=\"_blank\">\n\n\t\t\t\t\t\t\t\t\t\t\t\t<span class=\"elementor-icon-list-icon\">\n\t\t\t\t\t\t\t<i aria-hidden=\"true\" class=\"fas fa-link\"><\/i>\t\t\t\t\t\t<\/span>\n\t\t\t\t\t\t\t\t\t\t<span class=\"elementor-icon-list-text\">Tabla de Actualizaci\u00f3n y Conservaci\u00f3n de la Informaci\u00f3n<\/span>\n\t\t\t\t\t\t\t\t\t\t\t<\/a>\n\t\t\t\t\t\t\t\t\t<\/li>\n\t\t\t\t\t\t\t\t<li class=\"elementor-icon-list-item\">\n\t\t\t\t\t\t\t\t\t\t\t<a href=\"https:\/\/universi799-my.sharepoint.com\/personal\/transparencia_utrivieramaya_edu_mx\/_layouts\/15\/onedrive.aspx?id=%2Fpersonal%2Ftransparencia%5Futrivieramaya%5Fedu%5Fmx%2FDocuments%2FDatos%20adjuntos%2FTABLA%20DE%20ACTUALIZACI%C3%93N%20Y%20CONSERVACI%C3%93N%20DE%20LA%20INFORMACI%C3%93N%20UTRM%202024%2Epdf&#038;parent=%2Fpersonal%2Ftransparencia%5Futrivieramaya%5Fedu%5Fmx%2FDocuments%2FDatos%20adjuntos&#038;wdLOR=c2FEA3ECB%2D4249%2D8B4A%2DAED5%2DB4DC88CC7C51&#038;ga=1\" target=\"_blank\">\n\n\t\t\t\t\t\t\t\t\t\t\t\t<span class=\"elementor-icon-list-icon\">\n\t\t\t\t\t\t\t<i aria-hidden=\"true\" class=\"fas fa-link\"><\/i>\t\t\t\t\t\t<\/span>\n\t\t\t\t\t\t\t\t\t\t<span class=\"elementor-icon-list-text\">Tabla de Aplicabilidad Actualizada a 2024.<\/span>\n\t\t\t\t\t\t\t\t\t\t\t<\/a>\n\t\t\t\t\t\t\t\t\t<\/li>\n\t\t\t\t\t\t<\/ul>\n\t\t\t\t<\/div>\n\t\t\t\t<\/div>\n\t\t\t\t\t<\/div>\n\t\t<\/div>\n\t\t\t\t\t<\/div>\n\t\t<\/section>\n\t\t\t\t<\/div>\n\t\t","protected":false},"excerpt":{"rendered":"<p>Art\u00edculo 92 Tabla de Aplicabilidad Tabla de Actualizaci\u00f3n y Conservaci\u00f3n de la Informaci\u00f3n Tabla de Aplicabilidad Actualizada a 2024.<\/p>\n","protected":false},"author":8,"featured_media":0,"parent":0,"menu_order":0,"comment_status":"closed","ping_status":"closed","template":"elementor_header_footer","meta":{"_eb_attr":"","footnotes":""},"campus":[],"class_list":["post-7963","page","type-page","status-publish","hentry","entry"],"_links":{"self":[{"href":"https:\/\/oldsite.utrivieramaya.edu.mx\/index.php\/wp-json\/wp\/v2\/pages\/7963","targetHints":{"allow":["GET"]}}],"collection":[{"href":"https:\/\/oldsite.utrivieramaya.edu.mx\/index.php\/wp-json\/wp\/v2\/pages"}],"about":[{"href":"https:\/\/oldsite.utrivieramaya.edu.mx\/index.php\/wp-json\/wp\/v2\/types\/page"}],"author":[{"embeddable":true,"href":"https:\/\/oldsite.utrivieramaya.edu.mx\/index.php\/wp-json\/wp\/v2\/users\/8"}],"replies":[{"embeddable":true,"href":"https:\/\/oldsite.utrivieramaya.edu.mx\/index.php\/wp-json\/wp\/v2\/comments?post=7963"}],"version-history":[{"count":36,"href":"https:\/\/oldsite.utrivieramaya.edu.mx\/index.php\/wp-json\/wp\/v2\/pages\/7963\/revisions"}],"predecessor-version":[{"id":20445,"href":"https:\/\/oldsite.utrivieramaya.edu.mx\/index.php\/wp-json\/wp\/v2\/pages\/7963\/revisions\/20445"}],"wp:attachment":[{"href":"https:\/\/oldsite.utrivieramaya.edu.mx\/index.php\/wp-json\/wp\/v2\/media?parent=7963"}],"wp:term":[{"taxonomy":"campus","embeddable":true,"href":"https:\/\/oldsite.utrivieramaya.edu.mx\/index.php\/wp-json\/wp\/v2\/campus?post=7963"}],"curies":[{"name":"wp","href":"https:\/\/api.w.org\/{rel}","templated":true}]}}