{"id":8653,"date":"2021-01-23T17:53:34","date_gmt":"2021-01-23T17:53:34","guid":{"rendered":"https:\/\/utrivieramaya.edu.mx\/?page_id=8653"},"modified":"2021-02-12T17:11:31","modified_gmt":"2021-02-12T17:11:31","slug":"blog-noticias","status":"publish","type":"page","link":"https:\/\/oldsite.utrivieramaya.edu.mx\/index.php\/blog-noticias\/","title":{"rendered":"Blog noticias"},"content":{"rendered":"\t\t<div data-elementor-type=\"wp-page\" data-elementor-id=\"8653\" class=\"elementor elementor-8653\" data-elementor-post-type=\"page\">\n\t\t\t\t\t\t<section class=\"elementor-section elementor-top-section elementor-element elementor-element-1a5638e elementor-section-content-middle elementor-section-boxed elementor-section-height-default elementor-section-height-default\" data-id=\"1a5638e\" data-element_type=\"section\" data-settings=\"{&quot;background_background&quot;:&quot;classic&quot;}\">\n\t\t\t\t\t\t\t<div class=\"elementor-background-overlay\"><\/div>\n\t\t\t\t\t\t\t<div class=\"elementor-container elementor-column-gap-no\">\n\t\t\t\t\t<div class=\"elementor-column elementor-col-100 elementor-top-column elementor-element elementor-element-aab13dc\" data-id=\"aab13dc\" data-element_type=\"column\">\n\t\t\t<div class=\"elementor-widget-wrap elementor-element-populated\">\n\t\t\t\t\t\t<section class=\"elementor-section elementor-inner-section elementor-element elementor-element-7421eb8 elementor-reverse-mobile elementor-section-content-middle elementor-section-boxed elementor-section-height-default elementor-section-height-default\" data-id=\"7421eb8\" data-element_type=\"section\">\n\t\t\t\t\t\t<div class=\"elementor-container elementor-column-gap-no\">\n\t\t\t\t\t<div class=\"elementor-column elementor-col-100 elementor-inner-column elementor-element elementor-element-4f64b92\" data-id=\"4f64b92\" data-element_type=\"column\">\n\t\t\t<div class=\"elementor-widget-wrap elementor-element-populated\">\n\t\t\t\t\t\t<div class=\"elementor-element elementor-element-20b6283 elementor-invisible elementor-widget elementor-widget-heading\" data-id=\"20b6283\" data-element_type=\"widget\" data-settings=\"{&quot;_animation&quot;:&quot;fadeIn&quot;,&quot;_animation_delay&quot;:100}\" data-widget_type=\"heading.default\">\n\t\t\t\t<div class=\"elementor-widget-container\">\n\t\t\t<h4 class=\"elementor-heading-title elementor-size-default\">Noticias  UTRM<\/h4>\t\t<\/div>\n\t\t\t\t<\/div>\n\t\t\t\t\t<\/div>\n\t\t<\/div>\n\t\t\t\t\t<\/div>\n\t\t<\/section>\n\t\t\t\t\t<\/div>\n\t\t<\/div>\n\t\t\t\t\t<\/div>\n\t\t<\/section>\n\t\t\t\t<section class=\"elementor-section elementor-top-section elementor-element elementor-element-f04052b elementor-section-boxed elementor-section-height-default elementor-section-height-default\" data-id=\"f04052b\" data-element_type=\"section\" data-settings=\"{&quot;background_background&quot;:&quot;classic&quot;}\">\n\t\t\t\t\t\t\t<div class=\"elementor-background-overlay\"><\/div>\n\t\t\t\t\t\t\t<div class=\"elementor-container elementor-column-gap-default\">\n\t\t\t\t\t<div class=\"elementor-column elementor-col-100 elementor-top-column elementor-element elementor-element-aaa7a82\" data-id=\"aaa7a82\" data-element_type=\"column\">\n\t\t\t<div class=\"elementor-widget-wrap elementor-element-populated\">\n\t\t\t\t\t\t<div class=\"elementor-element elementor-element-c12f592 elementor-posts--align-left elementor-grid-3 elementor-grid-tablet-2 elementor-grid-mobile-1 elementor-posts--thumbnail-top elementor-invisible elementor-widget elementor-widget-posts\" data-id=\"c12f592\" data-element_type=\"widget\" data-settings=\"{&quot;_animation&quot;:&quot;fadeInUp&quot;,&quot;classic_row_gap&quot;:{&quot;unit&quot;:&quot;px&quot;,&quot;size&quot;:50,&quot;sizes&quot;:[]},&quot;classic_columns&quot;:&quot;3&quot;,&quot;classic_columns_tablet&quot;:&quot;2&quot;,&quot;classic_columns_mobile&quot;:&quot;1&quot;,&quot;classic_row_gap_tablet&quot;:{&quot;unit&quot;:&quot;px&quot;,&quot;size&quot;:&quot;&quot;,&quot;sizes&quot;:[]},&quot;classic_row_gap_mobile&quot;:{&quot;unit&quot;:&quot;px&quot;,&quot;size&quot;:&quot;&quot;,&quot;sizes&quot;:[]}}\" data-widget_type=\"posts.classic\">\n\t\t\t\t<div class=\"elementor-widget-container\">\n\t\t\t\t\t<div class=\"elementor-posts-container elementor-posts elementor-posts--skin-classic elementor-grid\">\n\t\t\t\t<article class=\"elementor-post elementor-grid-item post-21429 noticias type-noticias status-publish has-post-thumbnail hentry entry\">\n\t\t\t\t<a class=\"elementor-post__thumbnail__link\" href=\"https:\/\/oldsite.utrivieramaya.edu.mx\/index.php\/noticias\/fallo-de-la-licitacion-publica-nacional-presencial\/\" tabindex=\"-1\" >\n\t\t\t<div class=\"elementor-post__thumbnail\"><img fetchpriority=\"high\" decoding=\"async\" width=\"1346\" height=\"1728\" src=\"https:\/\/oldsite.utrivieramaya.edu.mx\/wp-content\/uploads\/2024\/04\/Captura-de-pantalla-2024-10-30-a-las-3.17.37\u202fp.m.png\" class=\"attachment-full size-full wp-image-21426\" alt=\"\" srcset=\"https:\/\/oldsite.utrivieramaya.edu.mx\/wp-content\/uploads\/2024\/04\/Captura-de-pantalla-2024-10-30-a-las-3.17.37\u202fp.m.png 1346w, https:\/\/oldsite.utrivieramaya.edu.mx\/wp-content\/uploads\/2024\/04\/Captura-de-pantalla-2024-10-30-a-las-3.17.37\u202fp.m-234x300.png 234w, https:\/\/oldsite.utrivieramaya.edu.mx\/wp-content\/uploads\/2024\/04\/Captura-de-pantalla-2024-10-30-a-las-3.17.37\u202fp.m-798x1024.png 798w, https:\/\/oldsite.utrivieramaya.edu.mx\/wp-content\/uploads\/2024\/04\/Captura-de-pantalla-2024-10-30-a-las-3.17.37\u202fp.m-768x986.png 768w, https:\/\/oldsite.utrivieramaya.edu.mx\/wp-content\/uploads\/2024\/04\/Captura-de-pantalla-2024-10-30-a-las-3.17.37\u202fp.m-1196x1536.png 1196w, https:\/\/oldsite.utrivieramaya.edu.mx\/wp-content\/uploads\/2024\/04\/Captura-de-pantalla-2024-10-30-a-las-3.17.37\u202fp.m-750x963.png 750w, https:\/\/oldsite.utrivieramaya.edu.mx\/wp-content\/uploads\/2024\/04\/Captura-de-pantalla-2024-10-30-a-las-3.17.37\u202fp.m-1140x1464.png 1140w\" \/><\/div>\n\t\t<\/a>\n\t\t\t\t<div class=\"elementor-post__text\">\n\t\t\t\t<h3 class=\"elementor-post__title\">\n\t\t\t<a href=\"https:\/\/oldsite.utrivieramaya.edu.mx\/index.php\/noticias\/fallo-de-la-licitacion-publica-nacional-presencial\/\" >\n\t\t\t\tFALLO DE LA LICITACI\u00d3N P\u00daBLICA NACIONAL PRESENCIAL\t\t\t<\/a>\n\t\t<\/h3>\n\t\t\t\t<div class=\"elementor-post__meta-data\">\n\t\t\t\t\t<span class=\"elementor-post-date\">\n\t\t\t30 octubre, 2024\t\t<\/span>\n\t\t\t\t<\/div>\n\t\t\t\t<div class=\"elementor-post__excerpt\">\n\t\t\t<p>&#8220;Adquisici\u00f3n de Veh\u00edculos para la Universidad Tecnol\u00f3gicade la Riviera Maya&#8221;<\/p>\n\t\t<\/div>\n\t\t\n\t\t<a class=\"elementor-post__read-more\" href=\"https:\/\/oldsite.utrivieramaya.edu.mx\/index.php\/noticias\/fallo-de-la-licitacion-publica-nacional-presencial\/\" aria-label=\"M\u00e1s informaci\u00f3n sobre FALLO DE LA LICITACI\u00d3N P\u00daBLICA NACIONAL PRESENCIAL\" tabindex=\"-1\" >\n\t\t\tLeer m\u00e1s\t\t<\/a>\n\n\t\t\t\t<\/div>\n\t\t\t\t<\/article>\n\t\t\t\t<article class=\"elementor-post elementor-grid-item post-20667 noticias type-noticias status-publish hentry entry\">\n\t\t\t\t<div class=\"elementor-post__text\">\n\t\t\t\t<h3 class=\"elementor-post__title\">\n\t\t\t<a href=\"https:\/\/oldsite.utrivieramaya.edu.mx\/index.php\/noticias\/resultados-de-la-convocatoria-publica-abierta-marzo-2024\/\" >\n\t\t\t\tResultados de la Convocatoria P\u00fablica Abierta  Marzo 2024.\t\t\t<\/a>\n\t\t<\/h3>\n\t\t\t\t<div class=\"elementor-post__meta-data\">\n\t\t\t\t\t<span class=\"elementor-post-date\">\n\t\t\t8 abril, 2024\t\t<\/span>\n\t\t\t\t<\/div>\n\t\t\t\t<div class=\"elementor-post__excerpt\">\n\t\t\t<p>Descarga la Convocatoria aqui.\u00a0\u00a0<\/p>\n\t\t<\/div>\n\t\t\n\t\t<a class=\"elementor-post__read-more\" href=\"https:\/\/oldsite.utrivieramaya.edu.mx\/index.php\/noticias\/resultados-de-la-convocatoria-publica-abierta-marzo-2024\/\" aria-label=\"M\u00e1s informaci\u00f3n sobre Resultados de la Convocatoria P\u00fablica Abierta  Marzo 2024.\" tabindex=\"-1\" >\n\t\t\tLeer m\u00e1s\t\t<\/a>\n\n\t\t\t\t<\/div>\n\t\t\t\t<\/article>\n\t\t\t\t<article class=\"elementor-post elementor-grid-item post-20581 noticias type-noticias status-publish has-post-thumbnail hentry entry\">\n\t\t\t\t<a class=\"elementor-post__thumbnail__link\" href=\"https:\/\/oldsite.utrivieramaya.edu.mx\/index.php\/noticias\/bases-de-licitacion-elaboracion-de-documentos-normativos\/\" tabindex=\"-1\" >\n\t\t\t<div class=\"elementor-post__thumbnail\"><img decoding=\"async\" width=\"1086\" height=\"812\" src=\"https:\/\/oldsite.utrivieramaya.edu.mx\/wp-content\/uploads\/2024\/03\/Captura-de-pantalla-2024-03-11-a-las-11.44.51\u202fa.m.png\" class=\"attachment-full size-full wp-image-20569\" alt=\"\" srcset=\"https:\/\/oldsite.utrivieramaya.edu.mx\/wp-content\/uploads\/2024\/03\/Captura-de-pantalla-2024-03-11-a-las-11.44.51\u202fa.m.png 1086w, https:\/\/oldsite.utrivieramaya.edu.mx\/wp-content\/uploads\/2024\/03\/Captura-de-pantalla-2024-03-11-a-las-11.44.51\u202fa.m-300x224.png 300w, https:\/\/oldsite.utrivieramaya.edu.mx\/wp-content\/uploads\/2024\/03\/Captura-de-pantalla-2024-03-11-a-las-11.44.51\u202fa.m-1024x766.png 1024w, https:\/\/oldsite.utrivieramaya.edu.mx\/wp-content\/uploads\/2024\/03\/Captura-de-pantalla-2024-03-11-a-las-11.44.51\u202fa.m-768x574.png 768w, https:\/\/oldsite.utrivieramaya.edu.mx\/wp-content\/uploads\/2024\/03\/Captura-de-pantalla-2024-03-11-a-las-11.44.51\u202fa.m-750x561.png 750w\" \/><\/div>\n\t\t<\/a>\n\t\t\t\t<div class=\"elementor-post__text\">\n\t\t\t\t<h3 class=\"elementor-post__title\">\n\t\t\t<a href=\"https:\/\/oldsite.utrivieramaya.edu.mx\/index.php\/noticias\/bases-de-licitacion-elaboracion-de-documentos-normativos\/\" >\n\t\t\t\tBases de Licitaci\u00f3n Elaboraci\u00f3n de Documentos Normativos\t\t\t<\/a>\n\t\t<\/h3>\n\t\t\t\t<div class=\"elementor-post__meta-data\">\n\t\t\t\t\t<span class=\"elementor-post-date\">\n\t\t\t11 marzo, 2024\t\t<\/span>\n\t\t\t\t<\/div>\n\t\t\t\t<div class=\"elementor-post__excerpt\">\n\t\t\t<p>\u00a0 Descarga la Convocatoria aqui.\u00a0\u00a0<\/p>\n\t\t<\/div>\n\t\t\n\t\t<a class=\"elementor-post__read-more\" href=\"https:\/\/oldsite.utrivieramaya.edu.mx\/index.php\/noticias\/bases-de-licitacion-elaboracion-de-documentos-normativos\/\" aria-label=\"M\u00e1s informaci\u00f3n sobre Bases de Licitaci\u00f3n Elaboraci\u00f3n de Documentos Normativos\" tabindex=\"-1\" >\n\t\t\tLeer m\u00e1s\t\t<\/a>\n\n\t\t\t\t<\/div>\n\t\t\t\t<\/article>\n\t\t\t\t<article class=\"elementor-post elementor-grid-item post-20404 noticias type-noticias status-publish has-post-thumbnail hentry entry\">\n\t\t\t\t<a class=\"elementor-post__thumbnail__link\" href=\"https:\/\/oldsite.utrivieramaya.edu.mx\/index.php\/noticias\/fallo-en-licitacion-de-limpieza\/\" tabindex=\"-1\" >\n\t\t\t<div class=\"elementor-post__thumbnail\"><img decoding=\"async\" width=\"1500\" height=\"1960\" src=\"https:\/\/oldsite.utrivieramaya.edu.mx\/wp-content\/uploads\/2024\/02\/Fallo-licitacion-de-Limpieza.png\" class=\"attachment-full size-full wp-image-20405\" alt=\"\" srcset=\"https:\/\/oldsite.utrivieramaya.edu.mx\/wp-content\/uploads\/2024\/02\/Fallo-licitacion-de-Limpieza.png 1500w, https:\/\/oldsite.utrivieramaya.edu.mx\/wp-content\/uploads\/2024\/02\/Fallo-licitacion-de-Limpieza-230x300.png 230w, https:\/\/oldsite.utrivieramaya.edu.mx\/wp-content\/uploads\/2024\/02\/Fallo-licitacion-de-Limpieza-784x1024.png 784w, https:\/\/oldsite.utrivieramaya.edu.mx\/wp-content\/uploads\/2024\/02\/Fallo-licitacion-de-Limpieza-768x1004.png 768w, https:\/\/oldsite.utrivieramaya.edu.mx\/wp-content\/uploads\/2024\/02\/Fallo-licitacion-de-Limpieza-1176x1536.png 1176w, https:\/\/oldsite.utrivieramaya.edu.mx\/wp-content\/uploads\/2024\/02\/Fallo-licitacion-de-Limpieza-750x980.png 750w, https:\/\/oldsite.utrivieramaya.edu.mx\/wp-content\/uploads\/2024\/02\/Fallo-licitacion-de-Limpieza-1140x1490.png 1140w\" \/><\/div>\n\t\t<\/a>\n\t\t\t\t<div class=\"elementor-post__text\">\n\t\t\t\t<h3 class=\"elementor-post__title\">\n\t\t\t<a href=\"https:\/\/oldsite.utrivieramaya.edu.mx\/index.php\/noticias\/fallo-en-licitacion-de-limpieza\/\" >\n\t\t\t\tFallo en Licitaci\u00f3n de Limpieza\t\t\t<\/a>\n\t\t<\/h3>\n\t\t\t\t<div class=\"elementor-post__meta-data\">\n\t\t\t\t\t<span class=\"elementor-post-date\">\n\t\t\t26 febrero, 2024\t\t<\/span>\n\t\t\t\t<\/div>\n\t\t\t\t<div class=\"elementor-post__excerpt\">\n\t\t\t<p>Descarga la Convocatoria aqui.&nbsp;&nbsp;<\/p>\n\t\t<\/div>\n\t\t\n\t\t<a class=\"elementor-post__read-more\" href=\"https:\/\/oldsite.utrivieramaya.edu.mx\/index.php\/noticias\/fallo-en-licitacion-de-limpieza\/\" aria-label=\"M\u00e1s informaci\u00f3n sobre Fallo en Licitaci\u00f3n de Limpieza\" tabindex=\"-1\" >\n\t\t\tLeer m\u00e1s\t\t<\/a>\n\n\t\t\t\t<\/div>\n\t\t\t\t<\/article>\n\t\t\t\t<article class=\"elementor-post elementor-grid-item post-20394 noticias type-noticias status-publish has-post-thumbnail hentry entry\">\n\t\t\t\t<a class=\"elementor-post__thumbnail__link\" href=\"https:\/\/oldsite.utrivieramaya.edu.mx\/index.php\/noticias\/fallo-de-licitacion-de-seguridad-y-vigilancia\/\" tabindex=\"-1\" >\n\t\t\t<div class=\"elementor-post__thumbnail\"><img loading=\"lazy\" decoding=\"async\" width=\"1510\" height=\"1946\" src=\"https:\/\/oldsite.utrivieramaya.edu.mx\/wp-content\/uploads\/2024\/02\/Captura-de-Pantalla-2024-02-26-a-las-10.10.03-a.m.png\" class=\"attachment-full size-full wp-image-20399\" alt=\"\" srcset=\"https:\/\/oldsite.utrivieramaya.edu.mx\/wp-content\/uploads\/2024\/02\/Captura-de-Pantalla-2024-02-26-a-las-10.10.03-a.m.png 1510w, https:\/\/oldsite.utrivieramaya.edu.mx\/wp-content\/uploads\/2024\/02\/Captura-de-Pantalla-2024-02-26-a-las-10.10.03-a.m-233x300.png 233w, https:\/\/oldsite.utrivieramaya.edu.mx\/wp-content\/uploads\/2024\/02\/Captura-de-Pantalla-2024-02-26-a-las-10.10.03-a.m-795x1024.png 795w, https:\/\/oldsite.utrivieramaya.edu.mx\/wp-content\/uploads\/2024\/02\/Captura-de-Pantalla-2024-02-26-a-las-10.10.03-a.m-768x990.png 768w, https:\/\/oldsite.utrivieramaya.edu.mx\/wp-content\/uploads\/2024\/02\/Captura-de-Pantalla-2024-02-26-a-las-10.10.03-a.m-1192x1536.png 1192w, https:\/\/oldsite.utrivieramaya.edu.mx\/wp-content\/uploads\/2024\/02\/Captura-de-Pantalla-2024-02-26-a-las-10.10.03-a.m-750x967.png 750w, https:\/\/oldsite.utrivieramaya.edu.mx\/wp-content\/uploads\/2024\/02\/Captura-de-Pantalla-2024-02-26-a-las-10.10.03-a.m-1140x1469.png 1140w\" \/><\/div>\n\t\t<\/a>\n\t\t\t\t<div class=\"elementor-post__text\">\n\t\t\t\t<h3 class=\"elementor-post__title\">\n\t\t\t<a href=\"https:\/\/oldsite.utrivieramaya.edu.mx\/index.php\/noticias\/fallo-de-licitacion-de-seguridad-y-vigilancia\/\" >\n\t\t\t\tFallo de Licitaci\u00f3n de Seguridad y Vigilancia\t\t\t<\/a>\n\t\t<\/h3>\n\t\t\t\t<div class=\"elementor-post__meta-data\">\n\t\t\t\t\t<span class=\"elementor-post-date\">\n\t\t\t26 febrero, 2024\t\t<\/span>\n\t\t\t\t<\/div>\n\t\t\t\t<div class=\"elementor-post__excerpt\">\n\t\t\t<p>Descargar la Convocatoria aqui.<\/p>\n\t\t<\/div>\n\t\t\n\t\t<a class=\"elementor-post__read-more\" href=\"https:\/\/oldsite.utrivieramaya.edu.mx\/index.php\/noticias\/fallo-de-licitacion-de-seguridad-y-vigilancia\/\" aria-label=\"M\u00e1s informaci\u00f3n sobre Fallo de Licitaci\u00f3n de Seguridad y Vigilancia\" tabindex=\"-1\" >\n\t\t\tLeer m\u00e1s\t\t<\/a>\n\n\t\t\t\t<\/div>\n\t\t\t\t<\/article>\n\t\t\t\t<article class=\"elementor-post elementor-grid-item post-20354 noticias type-noticias status-publish has-post-thumbnail hentry entry\">\n\t\t\t\t<a class=\"elementor-post__thumbnail__link\" href=\"https:\/\/oldsite.utrivieramaya.edu.mx\/index.php\/noticias\/segunda-convocatoria-abierta-para-docente-de-ingles-2024\/\" tabindex=\"-1\" >\n\t\t\t<div class=\"elementor-post__thumbnail\"><img loading=\"lazy\" decoding=\"async\" width=\"1354\" height=\"1754\" src=\"https:\/\/oldsite.utrivieramaya.edu.mx\/wp-content\/uploads\/2024\/02\/Captura-de-pantalla-2024-02-23-a-las-4.42.37\u202fp.m.png\" class=\"attachment-full size-full wp-image-20359\" alt=\"\" srcset=\"https:\/\/oldsite.utrivieramaya.edu.mx\/wp-content\/uploads\/2024\/02\/Captura-de-pantalla-2024-02-23-a-las-4.42.37\u202fp.m.png 1354w, https:\/\/oldsite.utrivieramaya.edu.mx\/wp-content\/uploads\/2024\/02\/Captura-de-pantalla-2024-02-23-a-las-4.42.37\u202fp.m-232x300.png 232w, https:\/\/oldsite.utrivieramaya.edu.mx\/wp-content\/uploads\/2024\/02\/Captura-de-pantalla-2024-02-23-a-las-4.42.37\u202fp.m-790x1024.png 790w, https:\/\/oldsite.utrivieramaya.edu.mx\/wp-content\/uploads\/2024\/02\/Captura-de-pantalla-2024-02-23-a-las-4.42.37\u202fp.m-768x995.png 768w, https:\/\/oldsite.utrivieramaya.edu.mx\/wp-content\/uploads\/2024\/02\/Captura-de-pantalla-2024-02-23-a-las-4.42.37\u202fp.m-1186x1536.png 1186w, https:\/\/oldsite.utrivieramaya.edu.mx\/wp-content\/uploads\/2024\/02\/Captura-de-pantalla-2024-02-23-a-las-4.42.37\u202fp.m-750x972.png 750w, https:\/\/oldsite.utrivieramaya.edu.mx\/wp-content\/uploads\/2024\/02\/Captura-de-pantalla-2024-02-23-a-las-4.42.37\u202fp.m-1140x1477.png 1140w\" \/><\/div>\n\t\t<\/a>\n\t\t\t\t<div class=\"elementor-post__text\">\n\t\t\t\t<h3 class=\"elementor-post__title\">\n\t\t\t<a href=\"https:\/\/oldsite.utrivieramaya.edu.mx\/index.php\/noticias\/segunda-convocatoria-abierta-para-docente-de-ingles-2024\/\" >\n\t\t\t\tSegunda Convocatoria Abierta para Docente de ingl\u00e9s 2024.\t\t\t<\/a>\n\t\t<\/h3>\n\t\t\t\t<div class=\"elementor-post__meta-data\">\n\t\t\t\t\t<span class=\"elementor-post-date\">\n\t\t\t23 febrero, 2024\t\t<\/span>\n\t\t\t\t<\/div>\n\t\t\t\t<div class=\"elementor-post__excerpt\">\n\t\t\t<p>Descargar Convocatoria Aqu\u00ed:<\/p>\n\t\t<\/div>\n\t\t\n\t\t<a class=\"elementor-post__read-more\" href=\"https:\/\/oldsite.utrivieramaya.edu.mx\/index.php\/noticias\/segunda-convocatoria-abierta-para-docente-de-ingles-2024\/\" aria-label=\"M\u00e1s informaci\u00f3n sobre Segunda Convocatoria Abierta para Docente de ingl\u00e9s 2024.\" tabindex=\"-1\" >\n\t\t\tLeer m\u00e1s\t\t<\/a>\n\n\t\t\t\t<\/div>\n\t\t\t\t<\/article>\n\t\t\t\t<\/div>\n\t\t\n\t\t\t\t<div class=\"e-load-more-anchor\" data-page=\"1\" data-max-page=\"4\" data-next-page=\"https:\/\/oldsite.utrivieramaya.edu.mx\/index.php\/wp-json\/wp\/v2\/pages\/8653\/page\/2\/\"><\/div>\n\t\t\t\t<nav class=\"elementor-pagination\" aria-label=\"Paginaci\u00f3n\">\n\t\t\t<span class=\"page-numbers prev\">&laquo; Anterior<\/span>\n<span aria-current=\"page\" class=\"page-numbers current\"><span class=\"elementor-screen-only\">P\u00e1gina<\/span>1<\/span>\n<a class=\"page-numbers\" href=\"https:\/\/oldsite.utrivieramaya.edu.mx\/index.php\/wp-json\/wp\/v2\/pages\/8653\/page\/2\/\"><span class=\"elementor-screen-only\">P\u00e1gina<\/span>2<\/a>\n<a class=\"page-numbers\" href=\"https:\/\/oldsite.utrivieramaya.edu.mx\/index.php\/wp-json\/wp\/v2\/pages\/8653\/page\/3\/\"><span class=\"elementor-screen-only\">P\u00e1gina<\/span>3<\/a>\n<a class=\"page-numbers\" href=\"https:\/\/oldsite.utrivieramaya.edu.mx\/index.php\/wp-json\/wp\/v2\/pages\/8653\/page\/4\/\"><span class=\"elementor-screen-only\">P\u00e1gina<\/span>4<\/a>\n<a class=\"page-numbers next\" href=\"https:\/\/oldsite.utrivieramaya.edu.mx\/index.php\/wp-json\/wp\/v2\/pages\/8653\/page\/2\/\">Siguiente &raquo;<\/a>\t\t<\/nav>\n\t\t\t\t<\/div>\n\t\t\t\t<\/div>\n\t\t\t\t\t<\/div>\n\t\t<\/div>\n\t\t\t\t\t<\/div>\n\t\t<\/section>\n\t\t\t\t<section class=\"elementor-section elementor-top-section elementor-element elementor-element-d7e9459 elementor-section-boxed elementor-section-height-default elementor-section-height-default\" data-id=\"d7e9459\" data-element_type=\"section\" data-settings=\"{&quot;background_background&quot;:&quot;classic&quot;}\">\n\t\t\t\t\t\t\t<div class=\"elementor-background-overlay\"><\/div>\n\t\t\t\t\t\t\t<div class=\"elementor-container elementor-column-gap-default\">\n\t\t\t\t\t<div class=\"elementor-column elementor-col-100 elementor-top-column elementor-element elementor-element-f2bba7f\" data-id=\"f2bba7f\" data-element_type=\"column\">\n\t\t\t<div class=\"elementor-widget-wrap elementor-element-populated\">\n\t\t\t\t\t\t<div class=\"elementor-element elementor-element-a2734d0 elementor-invisible elementor-widget elementor-widget-heading\" data-id=\"a2734d0\" data-element_type=\"widget\" data-settings=\"{&quot;_animation&quot;:&quot;fadeInDown&quot;}\" data-widget_type=\"heading.default\">\n\t\t\t\t<div class=\"elementor-widget-container\">\n\t\t\t<h3 class=\"elementor-heading-title elementor-size-default\">Noticias populares<\/h3>\t\t<\/div>\n\t\t\t\t<\/div>\n\t\t\t\t<div class=\"elementor-element elementor-element-615eac6 elementor-grid-4 elementor-posts--thumbnail-none elementor-posts--align-left elementor-grid-tablet-2 elementor-grid-mobile-1 elementor-invisible elementor-widget elementor-widget-posts\" data-id=\"615eac6\" data-element_type=\"widget\" data-settings=\"{&quot;classic_columns&quot;:&quot;4&quot;,&quot;_animation&quot;:&quot;fadeInUp&quot;,&quot;classic_row_gap&quot;:{&quot;unit&quot;:&quot;px&quot;,&quot;size&quot;:50,&quot;sizes&quot;:[]},&quot;classic_columns_tablet&quot;:&quot;2&quot;,&quot;classic_columns_mobile&quot;:&quot;1&quot;,&quot;classic_row_gap_tablet&quot;:{&quot;unit&quot;:&quot;px&quot;,&quot;size&quot;:&quot;&quot;,&quot;sizes&quot;:[]},&quot;classic_row_gap_mobile&quot;:{&quot;unit&quot;:&quot;px&quot;,&quot;size&quot;:&quot;&quot;,&quot;sizes&quot;:[]}}\" data-widget_type=\"posts.classic\">\n\t\t\t\t<div class=\"elementor-widget-container\">\n\t\t\t\t\t<div class=\"elementor-posts-container elementor-posts elementor-posts--skin-classic elementor-grid\">\n\t\t\t\t<article class=\"elementor-post elementor-grid-item post-21429 noticias type-noticias status-publish has-post-thumbnail hentry entry\">\n\t\t\t\t<div class=\"elementor-post__text\">\n\t\t\t\t<h3 class=\"elementor-post__title\">\n\t\t\t<a href=\"https:\/\/oldsite.utrivieramaya.edu.mx\/index.php\/noticias\/fallo-de-la-licitacion-publica-nacional-presencial\/\" >\n\t\t\t\tFALLO DE LA LICITACI\u00d3N P\u00daBLICA NACIONAL PRESENCIAL\t\t\t<\/a>\n\t\t<\/h3>\n\t\t\t\t<div class=\"elementor-post__meta-data\">\n\t\t\t\t\t<span class=\"elementor-post-date\">\n\t\t\t30 octubre, 2024\t\t<\/span>\n\t\t\t\t<\/div>\n\t\t\t\t<\/div>\n\t\t\t\t<\/article>\n\t\t\t\t<article class=\"elementor-post elementor-grid-item post-20667 noticias type-noticias status-publish hentry entry\">\n\t\t\t\t<div class=\"elementor-post__text\">\n\t\t\t\t<h3 class=\"elementor-post__title\">\n\t\t\t<a href=\"https:\/\/oldsite.utrivieramaya.edu.mx\/index.php\/noticias\/resultados-de-la-convocatoria-publica-abierta-marzo-2024\/\" >\n\t\t\t\tResultados de la Convocatoria P\u00fablica Abierta  Marzo 2024.\t\t\t<\/a>\n\t\t<\/h3>\n\t\t\t\t<div class=\"elementor-post__meta-data\">\n\t\t\t\t\t<span class=\"elementor-post-date\">\n\t\t\t8 abril, 2024\t\t<\/span>\n\t\t\t\t<\/div>\n\t\t\t\t<\/div>\n\t\t\t\t<\/article>\n\t\t\t\t<article class=\"elementor-post elementor-grid-item post-20581 noticias type-noticias status-publish has-post-thumbnail hentry entry\">\n\t\t\t\t<div class=\"elementor-post__text\">\n\t\t\t\t<h3 class=\"elementor-post__title\">\n\t\t\t<a href=\"https:\/\/oldsite.utrivieramaya.edu.mx\/index.php\/noticias\/bases-de-licitacion-elaboracion-de-documentos-normativos\/\" >\n\t\t\t\tBases de Licitaci\u00f3n Elaboraci\u00f3n de Documentos Normativos\t\t\t<\/a>\n\t\t<\/h3>\n\t\t\t\t<div class=\"elementor-post__meta-data\">\n\t\t\t\t\t<span class=\"elementor-post-date\">\n\t\t\t11 marzo, 2024\t\t<\/span>\n\t\t\t\t<\/div>\n\t\t\t\t<\/div>\n\t\t\t\t<\/article>\n\t\t\t\t<article class=\"elementor-post elementor-grid-item post-20404 noticias type-noticias status-publish has-post-thumbnail hentry entry\">\n\t\t\t\t<div class=\"elementor-post__text\">\n\t\t\t\t<h3 class=\"elementor-post__title\">\n\t\t\t<a href=\"https:\/\/oldsite.utrivieramaya.edu.mx\/index.php\/noticias\/fallo-en-licitacion-de-limpieza\/\" >\n\t\t\t\tFallo en Licitaci\u00f3n de Limpieza\t\t\t<\/a>\n\t\t<\/h3>\n\t\t\t\t<div class=\"elementor-post__meta-data\">\n\t\t\t\t\t<span class=\"elementor-post-date\">\n\t\t\t26 febrero, 2024\t\t<\/span>\n\t\t\t\t<\/div>\n\t\t\t\t<\/div>\n\t\t\t\t<\/article>\n\t\t\t\t<\/div>\n\t\t\n\t\t\t\t<\/div>\n\t\t\t\t<\/div>\n\t\t\t\t\t<\/div>\n\t\t<\/div>\n\t\t\t\t\t<\/div>\n\t\t<\/section>\n\t\t\t\t<\/div>\n\t\t","protected":false},"excerpt":{"rendered":"<p>Noticias UTRM Noticias populares<\/p>\n","protected":false},"author":8,"featured_media":0,"parent":0,"menu_order":0,"comment_status":"closed","ping_status":"closed","template":"elementor_header_footer","meta":{"_eb_attr":"","footnotes":""},"campus":[],"class_list":["post-8653","page","type-page","status-publish","hentry","entry"],"_links":{"self":[{"href":"https:\/\/oldsite.utrivieramaya.edu.mx\/index.php\/wp-json\/wp\/v2\/pages\/8653","targetHints":{"allow":["GET"]}}],"collection":[{"href":"https:\/\/oldsite.utrivieramaya.edu.mx\/index.php\/wp-json\/wp\/v2\/pages"}],"about":[{"href":"https:\/\/oldsite.utrivieramaya.edu.mx\/index.php\/wp-json\/wp\/v2\/types\/page"}],"author":[{"embeddable":true,"href":"https:\/\/oldsite.utrivieramaya.edu.mx\/index.php\/wp-json\/wp\/v2\/users\/8"}],"replies":[{"embeddable":true,"href":"https:\/\/oldsite.utrivieramaya.edu.mx\/index.php\/wp-json\/wp\/v2\/comments?post=8653"}],"version-history":[{"count":16,"href":"https:\/\/oldsite.utrivieramaya.edu.mx\/index.php\/wp-json\/wp\/v2\/pages\/8653\/revisions"}],"predecessor-version":[{"id":12194,"href":"https:\/\/oldsite.utrivieramaya.edu.mx\/index.php\/wp-json\/wp\/v2\/pages\/8653\/revisions\/12194"}],"wp:attachment":[{"href":"https:\/\/oldsite.utrivieramaya.edu.mx\/index.php\/wp-json\/wp\/v2\/media?parent=8653"}],"wp:term":[{"taxonomy":"campus","embeddable":true,"href":"https:\/\/oldsite.utrivieramaya.edu.mx\/index.php\/wp-json\/wp\/v2\/campus?post=8653"}],"curies":[{"name":"wp","href":"https:\/\/api.w.org\/{rel}","templated":true}]}}